{"id":2328,"date":"2022-07-18T03:26:46","date_gmt":"2022-07-18T03:26:46","guid":{"rendered":"https:\/\/biolabtek.vn\/?post_type=product&#038;p=2328"},"modified":"2022-12-09T09:43:50","modified_gmt":"2022-12-09T09:43:50","slug":"ingezim-pcv-das","status":"publish","type":"product","link":"https:\/\/biolabtek.vn\/?product=ingezim-pcv-das","title":{"rendered":"INgezim PCV DAS"},"content":{"rendered":"<p style=\"text-align: left;\"><em><strong>INgezim PCV DAS (b\u1ed9 2 \u0111\u0129a)<\/strong>:\u00a0<a href=\"https:\/\/www.goldstandarddiagnostics.com\/products\/veterinary-diagnostics\/porcine\/porcine-circovirus\/ingezim-pcv-das-192-tests.html\">https:\/\/www.goldstandarddiagnostics.com\/products\/veterinary-diagnostics\/porcine\/porcine-circovirus\/ingezim-pcv-das-192-tests.html<\/a><\/em><\/p>\n<p style=\"text-align: left;\"><strong><em>INgezim PCV DAS (b\u1ed9 5 \u0111\u0129a):\u00a0<\/em><\/strong><em><a href=\"https:\/\/www.goldstandarddiagnostics.com\/products\/veterinary-diagnostics\/porcine\/porcine-circovirus\/ingezim-pcv-das-96-tests.html\">https:\/\/www.goldstandarddiagnostics.com\/products\/veterinary-diagnostics\/porcine\/porcine-circovirus\/ingezim-pcv-das-96-tests.html<\/a><\/em><\/p>\n<p><strong>Lo\u1ea1i m\u1eabu<\/strong>: c\u00e1c m\u1eabu t\u1eeb t\u1ebf b\u00e0o nu\u00f4i c\u1ea5y c\u1ee7a vi r\u00fat.<\/p>\n<p><strong>Code<\/strong>: 11.CIR.K.2 (b\u1ed9 1 \u0111\u0129a 96 gi\u1ebfng) v\u00e0\u00a011.CIR.K.2\/2 (b\u1ed9 2 \u0111\u0129a 96 gi\u1ebfng)<\/p>\n<p><strong>INGEZIM PCV DAS<\/strong> d\u1ef1a tr\u00ean k\u1ef9 thu\u1eadt ELISA Double Antibody Sandwich, s\u1eed d\u1ee5ng hai kh\u00e1ng th\u1ec3 \u0111\u01a1n d\u00f2ng \u0111\u1eb7c hi\u1ec7u (MAb) VP2 c\u1ee7a PCV2. M\u1ed9t c\u00e1i l\u00e0m l\u1edbp ph\u1ee7 v\u00e0 m\u1ed9t c\u00e1i kh\u00e1c l\u00e0m ch\u1ea5t li\u00ean h\u1ee3p.<\/p>\n<p><strong>\u1ee8NG D\u1ee4NG<\/strong><\/p>\n<p>\u0110\u1ec3 ki\u1ec3m so\u00e1t t\u1ea3i l\u01b0\u1ee3ng vi r\u00fat c\u1ee7a Circovirus \u1edf l\u1ee3n lo\u1ea1i II trong v\u1eafc xin b\u1eb1ng ph\u01b0\u01a1ng ph\u00e1p chu\u1ea9n \u0111\u1ed9.<\/p>\n<p><strong>Th\u00f4ng tin k\u1ef9 thu\u1eadt<\/strong><\/p>\n<p><a href=\"https:\/\/biolabtek.vn\/wp-content\/uploads\/2021\/08\/R.11.CIR_.K2-INgezim-PCV-DAS-TECHNICAL-New.pdf\">R.11.CIR.K2 INgezim PCV DAS TECHNICAL New<\/a><\/p>\n","protected":false},"excerpt":{"rendered":"<p>INgezim PCV DAS (b\u1ed9 2 \u0111\u0129a):\u00a0https:\/\/www.goldstandarddiagnostics.com\/products\/veterinary-diagnostics\/porcine\/porcine-circovirus\/ingezim-pcv-das-192-tests.html INgezim PCV DAS (b\u1ed9 5 \u0111\u0129a):\u00a0https:\/\/www.goldstandarddiagnostics.com\/products\/veterinary-diagnostics\/porcine\/porcine-circovirus\/ingezim-pcv-das-96-tests.html Lo\u1ea1i m\u1eabu: c\u00e1c m\u1eabu t\u1eeb t\u1ebf b\u00e0o nu\u00f4i c\u1ea5y c\u1ee7a vi r\u00fat. Code: 11.CIR.K.2 (b\u1ed9 1 \u0111\u0129a 96 gi\u1ebfng) v\u00e0\u00a011.CIR.K.2\/2 (b\u1ed9 2 \u0111\u0129a 96 gi\u1ebfng) INGEZIM PCV DAS d\u1ef1a tr\u00ean k\u1ef9 thu\u1eadt ELISA Double Antibody Sandwich, s\u1eed d\u1ee5ng hai kh\u00e1ng th\u1ec3 \u0111\u01a1n d\u00f2ng [&hellip;]<\/p>\n","protected":false},"featured_media":2235,"comment_status":"open","ping_status":"closed","template":"","meta":[],"_links":{"self":[{"href":"https:\/\/biolabtek.vn\/index.php?rest_route=\/wp\/v2\/product\/2328"}],"collection":[{"href":"https:\/\/biolabtek.vn\/index.php?rest_route=\/wp\/v2\/product"}],"about":[{"href":"https:\/\/biolabtek.vn\/index.php?rest_route=\/wp\/v2\/types\/product"}],"replies":[{"embeddable":true,"href":"https:\/\/biolabtek.vn\/index.php?rest_route=%2Fwp%2Fv2%2Fcomments&post=2328"}],"wp:featuredmedia":[{"embeddable":true,"href":"https:\/\/biolabtek.vn\/index.php?rest_route=\/wp\/v2\/media\/2235"}],"wp:attachment":[{"href":"https:\/\/biolabtek.vn\/index.php?rest_route=%2Fwp%2Fv2%2Fmedia&parent=2328"}],"curies":[{"name":"wp","href":"https:\/\/api.w.org\/{rel}","templated":true}]}}