{"id":2324,"date":"2022-07-18T03:11:59","date_gmt":"2022-07-18T03:11:59","guid":{"rendered":"https:\/\/biolabtek.vn\/?post_type=product&#038;p=2324"},"modified":"2022-12-09T10:10:54","modified_gmt":"2022-12-09T10:10:54","slug":"ingezim-csf-compac-2","status":"publish","type":"product","link":"https:\/\/biolabtek.vn\/?product=ingezim-csf-compac-2","title":{"rendered":"INgezim CSF Compac"},"content":{"rendered":"<p style=\"text-align: left;\"><em><strong>INgezim CSF Compac (b\u1ed9 2 \u0111\u0129a)<\/strong>:\u00a0<a href=\"https:\/\/www.goldstandarddiagnostics.com\/products\/veterinary-diagnostics\/porcine\/classical-swine-fever\/ingezim-csf-compac-192-tests.html\">https:\/\/www.goldstandarddiagnostics.com\/products\/veterinary-diagnostics\/porcine\/classical-swine-fever\/ingezim-csf-compac-192-tests.html<\/a><\/em><\/p>\n<p style=\"text-align: left;\"><strong><em>INgezim CSF Compac (b\u1ed9 5 \u0111\u0129a):\u00a0<\/em><\/strong><em><a href=\"https:\/\/www.goldstandarddiagnostics.com\/products\/veterinary-diagnostics\/porcine\/classical-swine-fever\/ingezim-csf-compac-192-tests-1.html\">https:\/\/www.goldstandarddiagnostics.com\/products\/veterinary-diagnostics\/porcine\/classical-swine-fever\/ingezim-csf-compac-192-tests-1.html<\/a><\/em><\/p>\n<p><strong>Lo\u1ea1i m\u1eabu<\/strong>:\u00a0m\u1eabu huy\u1ebft thanh l\u1ee3n.<\/p>\n<p><strong>Code<\/strong>: 11.CSF.K.3\/2 (b\u1ed9 2 \u0111\u0129a 96 gi\u1ebfng) v\u00e0\u00a011.CSF.K.3\/5 (b\u1ed9 5 \u0111\u0129a 96 gi\u1ebfng)<\/p>\n<p><strong>INgezim\u00ae CSF Compac<\/strong>\u00a0d\u1ef1a tr\u00ean k\u1ef9 thu\u1eadt Blocking ELISA, s\u1eed d\u1ee5ng kh\u00e1ng th\u1ec3 \u0111\u01a1n d\u00f2ng (MAb) \u0111\u1eb7c hi\u1ec7u v\u1edbi Virus d\u1ecbch t\u1ea3 l\u1ee3n C\u1ed5 \u0111i\u1ec3n (CSFV) c\u00f3 Protein E2 d\u01b0\u1edbi d\u1ea1ng li\u00ean h\u1ee3p v\u00e0 protein t\u00e1i t\u1ed5 h\u1ee3p E2 l\u00e0m kh\u00e1ng nguy\u00ean bao ph\u1ee7 tr\u00ean \u0111\u0129a.<\/p>\n<p><strong>\u1ee8NG D\u1ee4NG<\/strong><\/p>\n<p>Ph\u00e1t hi\u1ec7n c\u00e1c kh\u00e1ng th\u1ec3 \u0111\u1eb7c hi\u1ec7u v\u1edbi Virus d\u1ecbch t\u1ea3 l\u1ee3n C\u1ed5 \u0111i\u1ec3n, trong c\u00e1c m\u1eabu huy\u1ebft thanh l\u1ee3n.<\/p>\n<p><strong>Th\u00f4ng tin k\u1ef9 thu\u1eadt<\/strong><\/p>\n<p><a href=\"https:\/\/biolabtek.vn\/wp-content\/uploads\/2022\/07\/R.11.CSF_.K3-INgezim-CSF-Compac-TECHNICAL-new.pdf\">R.11.CSF.K3 INgezim CSF Compac TECHNICAL new<\/a><\/p>\n","protected":false},"excerpt":{"rendered":"<p>INgezim CSF Compac (b\u1ed9 2 \u0111\u0129a):\u00a0https:\/\/www.goldstandarddiagnostics.com\/products\/veterinary-diagnostics\/porcine\/classical-swine-fever\/ingezim-csf-compac-192-tests.html INgezim CSF Compac (b\u1ed9 5 \u0111\u0129a):\u00a0https:\/\/www.goldstandarddiagnostics.com\/products\/veterinary-diagnostics\/porcine\/classical-swine-fever\/ingezim-csf-compac-192-tests-1.html Lo\u1ea1i m\u1eabu:\u00a0m\u1eabu huy\u1ebft thanh l\u1ee3n. Code: 11.CSF.K.3\/2 (b\u1ed9 2 \u0111\u0129a 96 gi\u1ebfng) v\u00e0\u00a011.CSF.K.3\/5 (b\u1ed9 5 \u0111\u0129a 96 gi\u1ebfng) INgezim\u00ae CSF Compac\u00a0d\u1ef1a tr\u00ean k\u1ef9 thu\u1eadt Blocking ELISA, s\u1eed d\u1ee5ng kh\u00e1ng th\u1ec3 \u0111\u01a1n d\u00f2ng (MAb) \u0111\u1eb7c hi\u1ec7u v\u1edbi Virus d\u1ecbch t\u1ea3 l\u1ee3n C\u1ed5 \u0111i\u1ec3n (CSFV) [&hellip;]<\/p>\n","protected":false},"featured_media":2247,"comment_status":"open","ping_status":"closed","template":"","meta":[],"_links":{"self":[{"href":"https:\/\/biolabtek.vn\/index.php?rest_route=\/wp\/v2\/product\/2324"}],"collection":[{"href":"https:\/\/biolabtek.vn\/index.php?rest_route=\/wp\/v2\/product"}],"about":[{"href":"https:\/\/biolabtek.vn\/index.php?rest_route=\/wp\/v2\/types\/product"}],"replies":[{"embeddable":true,"href":"https:\/\/biolabtek.vn\/index.php?rest_route=%2Fwp%2Fv2%2Fcomments&post=2324"}],"wp:featuredmedia":[{"embeddable":true,"href":"https:\/\/biolabtek.vn\/index.php?rest_route=\/wp\/v2\/media\/2247"}],"wp:attachment":[{"href":"https:\/\/biolabtek.vn\/index.php?rest_route=%2Fwp%2Fv2%2Fmedia&parent=2324"}],"curies":[{"name":"wp","href":"https:\/\/api.w.org\/{rel}","templated":true}]}}