{"id":2260,"date":"2022-07-15T03:32:13","date_gmt":"2022-07-15T03:32:13","guid":{"rendered":"https:\/\/biolabtek.vn\/?post_type=product&#038;p=2260"},"modified":"2022-12-20T03:40:31","modified_gmt":"2022-12-20T03:40:31","slug":"ingezim-tb-porcine","status":"publish","type":"product","link":"https:\/\/biolabtek.vn\/?product=ingezim-tb-porcine","title":{"rendered":"INgezim TB porcine"},"content":{"rendered":"<p style=\"text-align: left;\"><em><strong>INgezim TB porcine (b\u00f4 2 \u0111\u0129a):\u00a0<a href=\"https:\/\/www.goldstandarddiagnostics.com\/products\/veterinary-diagnostics\/porcine\/porcine-rotavirosis\/ingezim-tuberculosis-porcina.html\">https:\/\/www.goldstandarddiagnostics.com\/products\/veterinary-diagnostics\/porcine\/porcine-rotavirosis\/ingezim-tuberculosis-porcina.html<\/a><\/strong><\/em><\/p>\n<p style=\"text-align: left;\"><em><strong>INgezim TB porcine (b\u00f4 5 \u0111\u0129a):\u00a0<a href=\"https:\/\/www.goldstandarddiagnostics.com\/products\/veterinary-diagnostics\/porcine\/porcine-rotavirosis\/ingezim-tuberculosis-porcina-1.html\">https:\/\/www.goldstandarddiagnostics.com\/products\/veterinary-diagnostics\/porcine\/porcine-rotavirosis\/ingezim-tuberculosis-porcina-1.html<\/a><\/strong><\/em><\/p>\n<p><strong>Lo\u1ea1i m\u1eabu<\/strong>: m\u1eabu huy\u1ebft thanh l\u1ee3n nh\u00e0 v\u00e0 l\u1ee3n r\u1eebng.<\/p>\n<p><strong>Code<\/strong>: 11.TBP.K.1\/2 (h\u1ed9p 2 \u0111\u0129a 96 gi\u1ebfng) v\u00e0\u00a011.TBP.K.1\/5 (h\u1ed9p 5 \u0111\u0129a 96 gi\u1ebfng)<\/p>\n<p><strong>INgezim Tb Porcine<\/strong> \u0111\u01b0\u1ee3c d\u1ef1a tr\u00ean k\u1ef9 thu\u1eadt ELISA gi\u00e1n ti\u1ebfp, s\u1eed d\u1ee5ng kh\u00e1ng th\u1ec3 \u0111\u01a1n d\u00f2ng (MAb) \u0111\u1eb7c hi\u1ec7u cho immunoglobulin G heo (IgG), v\u00e0 hai kh\u00e1ng nguy\u00ean t\u00e1i t\u1ed5 h\u1ee3p (Protein MPB70 + MPB83).<\/p>\n<p><strong>\u1ee8NG D\u1ee4NG<\/strong><\/p>\n<p>Ph\u00e1t hi\u1ec7n v\u00e0\/ho\u1eb7c chu\u1ea9n \u0111\u1ed9 c\u1ee7a c\u00e1c kh\u00e1ng th\u1ec3 \u0111\u1eb7c hi\u1ec7u v\u1edbi M.bovis trong c\u00e1c m\u1eabu huy\u1ebft thanh, huy\u1ebft t\u01b0\u01a1ng v\u00e0 m\u1eabu m\u00e1u tr\u00ean gi\u1ea5y l\u1ecdc c\u1ee7a l\u1ee3n.<\/p>\n<p><strong>Th\u00f4ng tin k\u1ef9 thu\u1eadt<\/strong><\/p>\n<p><a href=\"https:\/\/biolabtek.vn\/wp-content\/uploads\/2022\/07\/R11.TBP_.K1-INgezim-TB-porcine-Technical.pdf\">R11.TBP.K1 INgezim TB porcine Technical<\/a><\/p>\n","protected":false},"excerpt":{"rendered":"<p>INgezim TB porcine (b\u00f4 2 \u0111\u0129a):\u00a0https:\/\/www.goldstandarddiagnostics.com\/products\/veterinary-diagnostics\/porcine\/porcine-rotavirosis\/ingezim-tuberculosis-porcina.html INgezim TB porcine (b\u00f4 5 \u0111\u0129a):\u00a0https:\/\/www.goldstandarddiagnostics.com\/products\/veterinary-diagnostics\/porcine\/porcine-rotavirosis\/ingezim-tuberculosis-porcina-1.html Lo\u1ea1i m\u1eabu: m\u1eabu huy\u1ebft thanh l\u1ee3n nh\u00e0 v\u00e0 l\u1ee3n r\u1eebng. Code: 11.TBP.K.1\/2 (h\u1ed9p 2 \u0111\u0129a 96 gi\u1ebfng) v\u00e0\u00a011.TBP.K.1\/5 (h\u1ed9p 5 \u0111\u0129a 96 gi\u1ebfng) INgezim Tb Porcine \u0111\u01b0\u1ee3c d\u1ef1a tr\u00ean k\u1ef9 thu\u1eadt ELISA gi\u00e1n ti\u1ebfp, s\u1eed d\u1ee5ng kh\u00e1ng th\u1ec3 \u0111\u01a1n d\u00f2ng (MAb) \u0111\u1eb7c hi\u1ec7u [&hellip;]<\/p>\n","protected":false},"featured_media":2247,"comment_status":"open","ping_status":"closed","template":"","meta":[],"_links":{"self":[{"href":"https:\/\/biolabtek.vn\/index.php?rest_route=\/wp\/v2\/product\/2260"}],"collection":[{"href":"https:\/\/biolabtek.vn\/index.php?rest_route=\/wp\/v2\/product"}],"about":[{"href":"https:\/\/biolabtek.vn\/index.php?rest_route=\/wp\/v2\/types\/product"}],"replies":[{"embeddable":true,"href":"https:\/\/biolabtek.vn\/index.php?rest_route=%2Fwp%2Fv2%2Fcomments&post=2260"}],"wp:featuredmedia":[{"embeddable":true,"href":"https:\/\/biolabtek.vn\/index.php?rest_route=\/wp\/v2\/media\/2247"}],"wp:attachment":[{"href":"https:\/\/biolabtek.vn\/index.php?rest_route=%2Fwp%2Fv2%2Fmedia&parent=2260"}],"curies":[{"name":"wp","href":"https:\/\/api.w.org\/{rel}","templated":true}]}}