{"id":2255,"date":"2022-07-15T03:15:17","date_gmt":"2022-07-15T03:15:17","guid":{"rendered":"https:\/\/biolabtek.vn\/?post_type=product&#038;p=2255"},"modified":"2022-12-20T04:30:57","modified_gmt":"2022-12-20T04:30:57","slug":"ingezim-rotavirus-porcino","status":"publish","type":"product","link":"https:\/\/biolabtek.vn\/?product=ingezim-rotavirus-porcino","title":{"rendered":"INgezim Rotavirus Porcino"},"content":{"rendered":"<p style=\"text-align: left;\"><em><strong>INgezim Rotavirus Porcino:\u00a0<a href=\"https:\/\/www.goldstandarddiagnostics.com\/products\/veterinary-diagnostics\/porcine\/ingezim-rotavirus-porcino-192-tests.html\">https:\/\/www.goldstandarddiagnostics.com\/products\/veterinary-diagnostics\/porcine\/ingezim-rotavirus-porcino-192-tests.html<\/a><\/strong><\/em><\/p>\n<p><strong>Lo\u1ea1i m\u1eabu<\/strong>: m\u1eabu huy\u1ebft thanh l\u1ee3n.<\/p>\n<p><strong>Code<\/strong>: 11.RTP.K.1\/2 (H\u1ed9p 2 \u0111\u0129a 96 gi\u1ebfng)<\/p>\n<p><strong>INgezim ROTAVIRUS PORCINE<\/strong> d\u1ef1a tr\u00ean k\u1ef9 thu\u1eadt x\u00e9t nghi\u1ec7m mi\u1ec5n d\u1ecbch enzyme gi\u00e1n ti\u1ebfp (Indirect ELISA), s\u1eed d\u1ee5ng kh\u00e1ng th\u1ec3 \u0111\u01a1n d\u00f2ng (Mab) \u0111\u1eb7c hi\u1ec7u \u0111\u1ed1i v\u1edbi IgGs l\u1ee3n v\u00e0 kh\u00e1ng nguy\u00ean Rotavirus A.<\/p>\n<p><strong>\u1ee8NG D\u1ee4NG<\/strong><\/p>\n<p>Ph\u00e1t hi\u1ec7n v\u00e0\/ho\u1eb7c chu\u1ea9n \u0111\u1ed9 kh\u00e1ng th\u1ec3 \u0111\u1eb7c hi\u1ec7u \u0111\u1ed1i v\u1edbi Rotavirus Type A trong m\u1eabu huy\u1ebft thanh l\u1ee3n.<\/p>\n<p><strong>Th\u00f4ng tin k\u1ef9 thu\u1eadt<\/strong><\/p>\n<p><a href=\"https:\/\/biolabtek.vn\/wp-content\/uploads\/2022\/07\/R.11.RT_.K1-INgezim-Rotavirus-porcine-Technical.pdf\">R.11.RT.K1 INgezim Rotavirus porcine Technical<\/a><\/p>\n<p>&nbsp;<\/p>\n","protected":false},"excerpt":{"rendered":"<p>INgezim Rotavirus Porcino:\u00a0https:\/\/www.goldstandarddiagnostics.com\/products\/veterinary-diagnostics\/porcine\/ingezim-rotavirus-porcino-192-tests.html Lo\u1ea1i m\u1eabu: m\u1eabu huy\u1ebft thanh l\u1ee3n. Code: 11.RTP.K.1\/2 (H\u1ed9p 2 \u0111\u0129a 96 gi\u1ebfng) INgezim ROTAVIRUS PORCINE d\u1ef1a tr\u00ean k\u1ef9 thu\u1eadt x\u00e9t nghi\u1ec7m mi\u1ec5n d\u1ecbch enzyme gi\u00e1n ti\u1ebfp (Indirect ELISA), s\u1eed d\u1ee5ng kh\u00e1ng th\u1ec3 \u0111\u01a1n d\u00f2ng (Mab) \u0111\u1eb7c hi\u1ec7u \u0111\u1ed1i v\u1edbi IgGs l\u1ee3n v\u00e0 kh\u00e1ng nguy\u00ean Rotavirus A. \u1ee8NG D\u1ee4NG Ph\u00e1t hi\u1ec7n v\u00e0\/ho\u1eb7c [&hellip;]<\/p>\n","protected":false},"featured_media":2247,"comment_status":"open","ping_status":"closed","template":"","meta":[],"_links":{"self":[{"href":"https:\/\/biolabtek.vn\/index.php?rest_route=\/wp\/v2\/product\/2255"}],"collection":[{"href":"https:\/\/biolabtek.vn\/index.php?rest_route=\/wp\/v2\/product"}],"about":[{"href":"https:\/\/biolabtek.vn\/index.php?rest_route=\/wp\/v2\/types\/product"}],"replies":[{"embeddable":true,"href":"https:\/\/biolabtek.vn\/index.php?rest_route=%2Fwp%2Fv2%2Fcomments&post=2255"}],"wp:featuredmedia":[{"embeddable":true,"href":"https:\/\/biolabtek.vn\/index.php?rest_route=\/wp\/v2\/media\/2247"}],"wp:attachment":[{"href":"https:\/\/biolabtek.vn\/index.php?rest_route=%2Fwp%2Fv2%2Fmedia&parent=2255"}],"curies":[{"name":"wp","href":"https:\/\/api.w.org\/{rel}","templated":true}]}}