{"id":2253,"date":"2022-07-15T03:04:26","date_gmt":"2022-07-15T03:04:26","guid":{"rendered":"https:\/\/biolabtek.vn\/?post_type=product&#038;p=2253"},"modified":"2022-12-09T10:01:33","modified_gmt":"2022-12-09T10:01:33","slug":"ingezim-prrs-dr","status":"publish","type":"product","link":"https:\/\/biolabtek.vn\/?product=ingezim-prrs-dr","title":{"rendered":"INgezim PRRS DR"},"content":{"rendered":"<p style=\"text-align: left;\"><strong><em>INgezim PRRS DR (b\u1ed9 2 \u0111\u0129a):\u00a0<\/em><\/strong><em><a href=\"https:\/\/www.goldstandarddiagnostics.com\/products\/veterinary-diagnostics\/porcine\/porcine-reproductive-respiratory-syndrome\/ingezim-prrs-dr-192-tests.html\">https:\/\/www.goldstandarddiagnostics.com\/products\/veterinary-diagnostics\/porcine\/porcine-reproductive-respiratory-syndrome\/ingezim-prrs-dr-192-tests.html<\/a><\/em><\/p>\n<p style=\"text-align: left;\"><strong><em>INgezim PRRS DR (b\u1ed9 5 \u0111\u0129a):\u00a0<\/em><\/strong><em><a href=\"https:\/\/www.goldstandarddiagnostics.com\/products\/veterinary-diagnostics\/porcine\/porcine-reproductive-respiratory-syndrome\/ingezim-prrs-dr-480-tests.html\">https:\/\/www.goldstandarddiagnostics.com\/products\/veterinary-diagnostics\/porcine\/porcine-reproductive-respiratory-syndrome\/ingezim-prrs-dr-480-tests.html<\/a><\/em><\/p>\n<p><strong>Lo\u1ea1i m\u1eabu<\/strong>: m\u1eabu huy\u1ebft thanh ho\u1eb7c huy\u1ebft t\u01b0\u01a1ng l\u1ee3n.<\/p>\n<p><strong>Code<\/strong>: 11.PRS.K.0\/2 (2 \u0111\u0129a 96 gi\u1ebfng) v\u00e0 11.PRS.K.0\/5 (5 \u0111\u0129a 96 gi\u1ebfng)<\/p>\n<p><strong>INgezim PRRS DR<\/strong>\u00a0d\u1ef1a tr\u00ean k\u1ef9 thu\u1eadt ELISA nh\u1eadn d\u1ea1ng k\u00e9p (Double Recognition Elisa), s\u1eed d\u1ee5ng c\u1ea3 protein N c\u1ee7a PRRS, v\u1eeba l\u00e0 kh\u00e1ng nguy\u00ean v\u1eeba l\u00e0 conjugate..<\/p>\n<p><strong>\u1ee8NG D\u1ee4NG<\/strong><\/p>\n<p>Ph\u00e1t hi\u1ec7n c\u00e1c kh\u00e1ng th\u1ec3 \u0111\u1eb7c hi\u1ec7u kh\u00e1ng v\u1edbi PRRSV.<\/p>\n<p><strong>Th\u00f4ng tin k\u1ef9 thu\u1eadt<\/strong><\/p>\n<p><a href=\"https:\/\/biolabtek.vn\/wp-content\/uploads\/2022\/07\/R.11.PRS_.K0-INgezim-PRRS-DR-technical.pdf\">R.11.PRS.K0 INgezim PRRS DR technical<\/a><\/p>\n","protected":false},"excerpt":{"rendered":"<p>INgezim PRRS DR (b\u1ed9 2 \u0111\u0129a):\u00a0https:\/\/www.goldstandarddiagnostics.com\/products\/veterinary-diagnostics\/porcine\/porcine-reproductive-respiratory-syndrome\/ingezim-prrs-dr-192-tests.html INgezim PRRS DR (b\u1ed9 5 \u0111\u0129a):\u00a0https:\/\/www.goldstandarddiagnostics.com\/products\/veterinary-diagnostics\/porcine\/porcine-reproductive-respiratory-syndrome\/ingezim-prrs-dr-480-tests.html Lo\u1ea1i m\u1eabu: m\u1eabu huy\u1ebft thanh ho\u1eb7c huy\u1ebft t\u01b0\u01a1ng l\u1ee3n. Code: 11.PRS.K.0\/2 (2 \u0111\u0129a 96 gi\u1ebfng) v\u00e0 11.PRS.K.0\/5 (5 \u0111\u0129a 96 gi\u1ebfng) INgezim PRRS DR\u00a0d\u1ef1a tr\u00ean k\u1ef9 thu\u1eadt ELISA nh\u1eadn d\u1ea1ng k\u00e9p (Double Recognition Elisa), s\u1eed d\u1ee5ng c\u1ea3 protein N c\u1ee7a PRRS, v\u1eeba l\u00e0 [&hellip;]<\/p>\n","protected":false},"featured_media":2247,"comment_status":"open","ping_status":"closed","template":"","meta":[],"_links":{"self":[{"href":"https:\/\/biolabtek.vn\/index.php?rest_route=\/wp\/v2\/product\/2253"}],"collection":[{"href":"https:\/\/biolabtek.vn\/index.php?rest_route=\/wp\/v2\/product"}],"about":[{"href":"https:\/\/biolabtek.vn\/index.php?rest_route=\/wp\/v2\/types\/product"}],"replies":[{"embeddable":true,"href":"https:\/\/biolabtek.vn\/index.php?rest_route=%2Fwp%2Fv2%2Fcomments&post=2253"}],"wp:featuredmedia":[{"embeddable":true,"href":"https:\/\/biolabtek.vn\/index.php?rest_route=\/wp\/v2\/media\/2247"}],"wp:attachment":[{"href":"https:\/\/biolabtek.vn\/index.php?rest_route=%2Fwp%2Fv2%2Fmedia&parent=2253"}],"curies":[{"name":"wp","href":"https:\/\/api.w.org\/{rel}","templated":true}]}}