{"id":2234,"date":"2022-07-14T08:29:09","date_gmt":"2022-07-14T08:29:09","guid":{"rendered":"https:\/\/biolabtek.vn\/?post_type=product&#038;p=2234"},"modified":"2022-12-09T09:10:57","modified_gmt":"2022-12-09T09:10:57","slug":"ingezim-ppa-das-2-0","status":"publish","type":"product","link":"https:\/\/biolabtek.vn\/?product=ingezim-ppa-das-2-0","title":{"rendered":"INgezim PPA DAS 2.0"},"content":{"rendered":"<p style=\"text-align: left;\"><em><strong>INgezim PAA DAS 2.0<\/strong>\u00a0(b\u1ed9 5 \u0111\u0129a):\u00a0<a href=\"https:\/\/www.goldstandarddiagnostics.com\/products\/veterinary-diagnostics\/porcine\/african-swine-fever\/ingezim-ppadas-480well.html\">https:\/\/www.goldstandarddiagnostics.com\/products\/veterinary-diagnostics\/porcine\/african-swine-fever\/ingezim-ppadas-480well.html<\/a><\/em><\/p>\n<p><strong>Lo\u1ea1i m\u1eabu<\/strong>: m\u1eabu sinh\u00a0h\u1ecdc c\u1ee7a l\u1ee3n (m\u00e1u to\u00e0n ph\u1ea7n, t\u1ebf b\u00e0o nu\u00f4i c\u1ea5y, l\u00e1 l\u00e1ch).<\/p>\n<p><strong>Code<\/strong>: 11.PPA.K.2\/2 (2 \u0111\u0129a 96 gi\u1ebfng) v\u00e0 11.PPA.K.2\/5 (5 \u0111\u0129a 96 gi\u1ebfng)<\/p>\n<p><strong>INgezim PPA DAS 2.0<\/strong>\u00a0d\u1ef1a tr\u00ean k\u1ef9 thu\u1eadt Double Antibody Elisa\u00a0s\u1eed d\u1ee5ng kh\u00e1ng th\u1ec3 \u0111\u01a1n d\u00f2ng (Mab) \u0111\u1eb7c hi\u1ec7u \u0111\u1ed1i v\u1edbi protein VP72 c\u1ee7a Vi r\u00fat d\u1ecbch t\u1ea3 l\u1ee3n Ch\u00e2u Phi (ASFV).<\/p>\n<p style=\"text-align: left;\"><strong>\u1ee8NG D\u1ee4NG<\/strong><\/p>\n<p>Ph\u00e1t hi\u1ec7n\u00a0kh\u00e1ng nguy\u00ean vi r\u00fat d\u1ecbch t\u1ea3 l\u1ee3n Ch\u00e2u Phi (ASFV) trong m\u1eabu m\u00e1u to\u00e0n ph\u1ea7n, t\u1ebf b\u00e0o nu\u00f4i c\u1ea5y v\u00e0 l\u00e1 l\u00e1ch.<\/p>\n<p><strong>Th\u00f4ng tin s\u1ea3n ph\u1ea9m<\/strong><\/p>\n<p><a href=\"https:\/\/biolabtek.vn\/wp-content\/uploads\/2022\/07\/R.11.PPA_.K2-INgezim-PPA-Das-2.0-technical.pdf\">R.11.PPA.K2 INgezim PPA Das 2.0 technical<\/a><\/p>\n<p>&nbsp;<\/p>\n","protected":false},"excerpt":{"rendered":"<p>&nbsp;<\/p>\n<pre><\/pre>\n","protected":false},"featured_media":2235,"comment_status":"open","ping_status":"closed","template":"","meta":[],"_links":{"self":[{"href":"https:\/\/biolabtek.vn\/index.php?rest_route=\/wp\/v2\/product\/2234"}],"collection":[{"href":"https:\/\/biolabtek.vn\/index.php?rest_route=\/wp\/v2\/product"}],"about":[{"href":"https:\/\/biolabtek.vn\/index.php?rest_route=\/wp\/v2\/types\/product"}],"replies":[{"embeddable":true,"href":"https:\/\/biolabtek.vn\/index.php?rest_route=%2Fwp%2Fv2%2Fcomments&post=2234"}],"wp:featuredmedia":[{"embeddable":true,"href":"https:\/\/biolabtek.vn\/index.php?rest_route=\/wp\/v2\/media\/2235"}],"wp:attachment":[{"href":"https:\/\/biolabtek.vn\/index.php?rest_route=%2Fwp%2Fv2%2Fmedia&parent=2234"}],"curies":[{"name":"wp","href":"https:\/\/api.w.org\/{rel}","templated":true}]}}