{"id":2105,"date":"2021-08-23T09:02:33","date_gmt":"2021-08-23T09:02:33","guid":{"rendered":"https:\/\/biolabtek.vn\/?post_type=product&#038;p=2105"},"modified":"2022-11-08T08:58:24","modified_gmt":"2022-11-08T08:58:24","slug":"the-bolttm","status":"publish","type":"product","link":"https:\/\/biolabtek.vn\/?product=the-bolttm","title":{"rendered":"THE BOLT Analyzer (1 Plate), includes software"},"content":{"rendered":"<ul>\n<li>L\u00e0 b\u1ed9 x\u1eed l\u00fd ELISA+CLIA m\u1ed9t \u0111\u0129a, d\u00f2ng m\u00e1y Bolt bao g\u1ed3m nhi\u1ec1u t\u00ednh n\u0103ng c\u1ee7a d\u00f2ng m\u00e1y <strong><em>ThunderBolt<\/em> <\/strong>nh\u01b0ng c\u00f3 thi\u1ebft k\u1ebf hi\u1ec7u qu\u1ea3 h\u01a1n, dung l\u01b0\u1ee3ng th\u1ea5p v\u00e0 chi ph\u00ed c\u0169ng th\u1ea5p h\u01a1n.<\/li>\n<li><strong>The Bolt<\/strong> l\u00e0 m\u1ed9t thi\u1ebft b\u1ecb ph\u00e2n t\u00edch nh\u1ecf g\u1ecdn cung c\u1ea5p t\u1ea5t c\u1ea3 c\u00e1c c\u00f4ng c\u1ee5 \u0111\u1ec3 ph\u00e2n t\u00edch c\u00e1c x\u00e9t nghi\u1ec7m ELISA ho\u1eb7c h\u00f3a mi\u1ec5n d\u1ecbch hu\u1ef3nh quang v\u1edbi g\u00f3i chi ph\u00ed ti\u1ebft ki\u1ec7m.<\/li>\n<li>Thi\u1ebft k\u1ebf ti\u1ebft ki\u1ec7m kh\u00f4ng gian \u2013 chi\u1ebfm d\u1ee5ng v\u1ecfn v\u1eb9n 60cm kh\u00f4ng gian tr\u00ean b\u00e0n.<\/li>\n<li>M\u1ed7i l\u1ea7n ch\u1ea1y t\u1ed1i \u0111a 96 m\u1eabu<\/li>\n<li>C\u00f3 th\u1ec3 l\u1eadp tr\u00ecnh v\u00e0 ch\u1ea1y m\u1ecdi ch\u01b0\u01a1ng tr\u00ecnh EIA ho\u1eb7c CLIA<\/li>\n<li>H\u1ec7 th\u1ed1ng h\u00fat m\u1eabu c\u00f3 \u0111\u1ed9 ch\u00ednh x\u00e1c cao.<\/li>\n<li>Gi\u00e1 c\u1ea3 c\u1ea1nh tranh \u2013 Chi ph\u00ed v\u1eadt t\u01b0 ti\u00eau hao th\u1ea5p<\/li>\n<li>\u0110\u00e8n b\u00e1o tr\u1ea1ng th\u00e1i n\u1eb1m b\u00ean ngo\u00e0i m\u00e1y<\/li>\n<li>K\u1ebft n\u1ed1i LIS<\/li>\n<li>C\u00f4ng ngh\u1ec7 gia nhi\u1ec7t \u0111\u1ed1i l\u01b0u m\u1ea1nh m\u1ebd gi\u00fap ph\u00e2n t\u00e1n \u0111\u1ed3ng \u0111\u1ec1u nhi\u1ec7t trong bu\u1ed3ng \u1ee7.<\/li>\n<li>Thi\u1ebft k\u1ebf t\u00f9y ch\u1ecdn: Ch\u1ee9c n\u0103ng \u1ee7;\u00a0Ch\u1ee9c n\u0103ng l\u1eafc tuy\u1ebfn t\u00ednh; \u0110\u1ecdc ELISA ho\u1eb7c c\u1ea3 ELISA + CLIA (t\u00f9y thu\u1ed9c v\u00e0o quy tr\u00ecnh s\u1eed d\u1ee5ng).<\/li>\n<\/ul>\n<p><strong>Th\u00f4ng s\u1ed1 k\u1ef9 thu\u1eadt<\/strong><\/p>\n<ul>\n<li>Khay ch\u1ee9a m\u1eabu \u0111\u01b0\u1ee3c thi\u1ebft k\u1ebf v\u1edbi 1 gi\u00e1 96 m\u1eabu. D\u1ea1ng gi\u00e1 \u0111\u1ee1 tr\u01b0\u1ee3t c\u00f3 \u0111\u1ecdc m\u00e3 v\u1ea1ch, t\u1ef1 \u0111\u1ed9ng ho\u1eb7c c\u00f3 th\u1ec3 nh\u1eadp th\u1ee7 c\u00f4ng t\u1eeb Excel.<\/li>\n<li>\u0110\u1ea7u \u0111\u1ecdc m\u00e3 v\u1ea1ch (barcode): Code 128, Code 39, m\u1edf r\u1ed9ng Code 39, EAN-13 (+2, +5), EAN-8, Interleaved 2 c\u1ee7a 5, UPC-A (+2, +5), UPC-E, PDF-417, Codabar, QR Code, Data Matrix.<\/li>\n<li>K\u00edch th\u01b0\u1edbc \u1ed1ng ch\u1ee9a m\u1eabu: s\u1eed d\u1ee5ng c\u00e1c \u1ed1ng c\u00f3 \u0111\u01b0\u1eddng k\u00ednh t\u1eeb 12 -16mm, chi\u1ec1u cao 100mm<\/li>\n<li>Khay ch\u1ee9a thu\u1ed1c th\u1eed \u0111\u01b0\u1ee3c thi\u1ebft k\u1ebf v\u1edbi 1 gi\u00e1 \u0111\u1ef1ng 9 l\u1ecd<\/li>\n<li>K\u00edch th\u01b0\u1edbc l\u1ecd \u0111\u1ef1ng thu\u1ed1c th\u1eed: \u0111\u01b0\u1eddng k\u00ednh 22-42mm<\/li>\n<li>H\u1ec7 th\u1ed1ng theo d\u00f5i c\u00e1c gi\u1ebfng: Gi\u00e1m s\u00e1t \u0111\u1ed9c l\u1eadp v\u1ec1 th\u1eddi gian v\u00e0 quy tr\u00ecnh.<\/li>\n<li>Chai r\u1eeda: 1 chai ch\u1ee9a dung d\u1ecbch r\u1eeda b\u00ean ngo\u00e0i m\u00e1y v\u1edbi th\u1ec3 t\u00edch 1L<\/li>\n<li>Chai ch\u1ee9a ch\u1ea5t th\u1ea3i: 1 chai ch\u1ee9a ch\u1ea5t th\u1ea3i b\u00ean ngo\u00e0i m\u00e1y v\u1edbi th\u1ec3 t\u00edch 2 L<\/li>\n<li>\u0110\u1ea7u d\u00f2 \/ kim h\u00fat: \u0110\u1ea7u d\u00f2 \u0111\u01a1n, kim h\u00fat k\u00e9p l\u00e0m b\u1eb1ng th\u00e9p kh\u00f4ng g\u1ec9<\/li>\n<li>Th\u1ec3 t\u00edch h\u00fat m\u1eabu: 1 &#8211; 400 \u03bcl v\u1edbi CV \u2264 3%<\/li>\n<li>Th\u1ec3 t\u00edch ph\u00e2n ph\u1ed1i: 25 &#8211; 300 \u03bcl<\/li>\n<li>Nhi\u1ec7t \u0111\u1ed9 \u1ee7: T\u1eeb nhi\u1ec7t \u0111\u1ed9 ph\u00f2ng \u0111\u1ebfn 40 \u00b0C<\/li>\n<li>C\u00f4ng ngh\u1ec7 gia nhi\u1ec7t \u0111\u1ed1i l\u01b0u m\u1ea1nh m\u1ebd gi\u00fap ph\u00e2n t\u00e1n \u0111\u1ed3ng \u0111\u1ec1u nhi\u1ec7t trong bu\u1ed3ng \u1ee7.<\/li>\n<li>H\u1ec7 th\u1ed1ng \u0111o quang ph\u1ed5 \u0111\u01b0\u1ee3c thi\u1ebft k\u1ebf linh ho\u1ea1t \u0111o \u1edf 5 b\u01b0\u1edbc s\u00f3ng ti\u00eau chu\u1ea9n 405, 450 ,490, 550 v\u00e0 630 nm, kho\u1ea3ng \u0111o t\u1eeb 0 \u0111\u1ebfn 3.0 OD<\/li>\n<li>Photomultiplier Tube (PMT)*: \u0110i\u1ec3m t\u1ed1i: 50 \u0111i\u1ec3m\/gi\u00e2y (ti\u00eau chu\u1ea9n)<\/li>\n<li>B\u1ed9 l\u1eafc \u0111\u0129a (MTP) v\u1edbi bi\u00ean \u0111\u1ed9 l\u1eafc: 1 mm, T\u1ed1c \u0111\u1ed9 l\u1eafc: l\u00ean \u0111\u1ebfn 900 RPM, 2 \u0111\u0129a MTP (1 cho ph\u1ea3n \u1ee9ng, 1 ti\u1ec1n pha lo\u00e3ng)<\/li>\n<li>Ngu\u1ed3n \u0111i\u1ec7n; 100-265V<\/li>\n<li>K\u00edch th\u01b0\u1edbc: W: 48.3 cm, D: 53.3 cm, H: 55.8 cm (W: 19.0 in, D: 21.0 in, H: 22.0 in)<\/li>\n<li>Tr\u1ecdng l\u01b0\u1ee3ng: 27 kg (59.5 lbs)<\/li>\n<li>Gi\u1ea5y ch\u1ee9ng nh\u1eadn CE<\/li>\n<\/ul>\n<p><strong>Ph\u1ea7n m\u1ec1m<\/strong><\/p>\n<ul>\n<li>Ng\u00f4n ng\u1eef: H\u1ed7 tr\u1ee3 \u0111a ng\u00f4n ng\u1eef<\/li>\n<li>Giao di\u1ec7n: Giao di\u1ec7n \u0111\u1ed3 h\u1ecda MS Windows (Windows 7 ho\u1eb7c cao h\u01a1n)<\/li>\n<li>Qu\u1ea3n l\u00fd d\u1ee5ng c\u1ee5: k\u1ebft qu\u1ea3 \u0111\u01b0\u1ee3c \u0111\u00e1nh gi\u00e1, ki\u1ec3m so\u00e1t trong su\u1ed1t qu\u00e1 tr\u00ecnh v\u00e0 \u0111\u01b0\u1ee3c nh\u1eafc nh\u1edf b\u1ea3o tr\u00ec.<\/li>\n<li>D\u1eef li\u1ec7u m\u00e1y ch\u1ee7: l\u01b0u tr\u1eef c\u01a1 s\u1edf d\u1eef li\u1ec7u k\u1ebft qu\u1ea3, nh\u1eadt k\u00fd b\u1ea3o tr\u00ec, th\u00f4ng tin l\u00f4\/h\u1ea1n s\u1eed d\u1ee5ng\u2026, k\u1ebft n\u1ed1i nhi\u1ec1u c\u00f4ng c\u1ee5 v\u00e0 h\u1ee3p nh\u1ea5t d\u1eef li\u1ec7u, t\u00edch h\u1ee3p LIS: k\u1ebft n\u1ed1i 2 chi\u1ec1u, RS232, USB, TCP\/IP.<\/li>\n<\/ul>\n<p><strong>TH\u00d4NG TIN \u0110\u1eb6T H\u00c0NG<\/strong><\/p>\n<ul>\n<li><strong>THE BOLT Analyzer (1 Plate), includes software<\/strong><\/li>\n<li>H\u00e3ng s\u1ea3n xu\u1ea5t: Gold Standard Diagnostic<\/li>\n<li>Xu\u1ea5t x\u1ee9: USA<\/li>\n<li>Code: <strong>EFT00500<\/strong><\/li>\n<\/ul>\n","protected":false},"excerpt":{"rendered":"<p>L\u00e0 b\u1ed9 x\u1eed l\u00fd ELISA+CLIA m\u1ed9t \u0111\u0129a, d\u00f2ng m\u00e1y Bolt bao g\u1ed3m nhi\u1ec1u t\u00ednh n\u0103ng c\u1ee7a d\u00f2ng m\u00e1y ThunderBolt nh\u01b0ng c\u00f3 thi\u1ebft k\u1ebf hi\u1ec7u qu\u1ea3 h\u01a1n, dung l\u01b0\u1ee3ng th\u1ea5p v\u00e0 chi ph\u00ed c\u0169ng th\u1ea5p h\u01a1n. The Bolt l\u00e0 m\u1ed9t thi\u1ebft b\u1ecb ph\u00e2n t\u00edch nh\u1ecf g\u1ecdn cung c\u1ea5p t\u1ea5t c\u1ea3 c\u00e1c c\u00f4ng c\u1ee5 \u0111\u1ec3 ph\u00e2n t\u00edch [&hellip;]<\/p>\n","protected":false},"featured_media":2130,"comment_status":"open","ping_status":"closed","template":"","meta":[],"_links":{"self":[{"href":"https:\/\/biolabtek.vn\/index.php?rest_route=\/wp\/v2\/product\/2105"}],"collection":[{"href":"https:\/\/biolabtek.vn\/index.php?rest_route=\/wp\/v2\/product"}],"about":[{"href":"https:\/\/biolabtek.vn\/index.php?rest_route=\/wp\/v2\/types\/product"}],"replies":[{"embeddable":true,"href":"https:\/\/biolabtek.vn\/index.php?rest_route=%2Fwp%2Fv2%2Fcomments&post=2105"}],"wp:featuredmedia":[{"embeddable":true,"href":"https:\/\/biolabtek.vn\/index.php?rest_route=\/wp\/v2\/media\/2130"}],"wp:attachment":[{"href":"https:\/\/biolabtek.vn\/index.php?rest_route=%2Fwp%2Fv2%2Fmedia&parent=2105"}],"curies":[{"name":"wp","href":"https:\/\/api.w.org\/{rel}","templated":true}]}}