{"id":2103,"date":"2021-08-23T08:58:55","date_gmt":"2021-08-23T08:58:55","guid":{"rendered":"https:\/\/biolabtek.vn\/?post_type=product&#038;p=2103"},"modified":"2022-11-08T08:52:40","modified_gmt":"2022-11-08T08:52:40","slug":"thunderbolt","status":"publish","type":"product","link":"https:\/\/biolabtek.vn\/?product=thunderbolt","title":{"rendered":"THUNDERBOLT\u00ae Analyzer (2 Plate), includes software"},"content":{"rendered":"<ul>\n<li><strong>ThunderBolt<\/strong> l\u00e0 h\u1ec7 th\u1ed1ng ho\u00e0n to\u00e0n t\u1ef1 \u0111\u1ed9ng \u0111\u1ec3 ch\u1ea1y c\u00e1c quy tr\u00ecnh ELISA ho\u1eb7c h\u00f3a ph\u00e1t quang (CLIA) v\u1edbi h\u1ec7 th\u1ed1ng ph\u00e2n t\u00edch 2 khay tr\u00ean n\u1ec1n t\u1ea3ng m\u1edf gi\u00fap gi\u1ea3m thi\u1ec3u t\u1ed1i \u0111a c\u00e1c sai s\u1ed1 trong qu\u00e1 tr\u00ecnh ti\u1ebfn h\u00e0nh x\u00e9t nghi\u1ec7m.<\/li>\n<li>Thi\u1ebft b\u1ecb s\u1eed d\u1ee5ng ph\u1ea7n m\u1ec1m linh ho\u1ea1t, c\u00f3 kh\u1ea3 n\u0103ng l\u1eadp tr\u00ecnh nhi\u1ec1u quy tr\u00ecnh kh\u00e1c nhau v\u00e0 d\u1ec5 s\u1eed d\u1ee5ng v\u1edbi ng\u01b0\u1eddi d\u00f9ng.<\/li>\n<li>B\u1ed9 \u1ee7 \u0111\u1ed1i l\u01b0u gi\u00fap lo\u1ea1i b\u1ecf \u201chi\u1ec7u \u1ee9ng r\u00eca\u201d b\u1eb1ng c\u00e1ch gia nhi\u1ec7t t\u1ee9ng gi\u1ebfng ph\u1ea3n \u1ee9ng (Well)<\/li>\n<li>B\u1ed9 l\u1eafc ph\u1ea3n \u1ee9ng theo qu\u1ef9 \u0111\u1ea1o \u0111\u01b0\u1ee3c thi\u1ebft k\u1ebf ch\u1ed1ng tr\u00e0n, t\u1ed1c \u0111\u1ed9 cao l\u00ean \u0111\u1ebfn 900 v\u00f2ng\/ph\u00fat<\/li>\n<li>L\u01b0\u1ee3ng m\u1eabu trong m\u1ed9t l\u1ea7n ch\u1ea1y l\u00ean \u0111\u1ebfn 192 m\u1eabu b\u1ec7nh, \u0111\u1ed3ng th\u1eddi c\u00f3 kh\u1ea3 n\u0103ng ch\u1ea1y nhi\u1ec1u quy tr\u00ecnh ch\u1ea1y kh\u00e1c nhau trong c\u00f9ng 1 l\u1ea7n ch\u1ea1y.<\/li>\n<li>H\u1ec7 th\u1ed1ng m\u1edf &#8211; ch\u1ea1y t\u1ed1i \u0111a 8 giao th\u1ee9c trong m\u1ed9t \u0111\u1ee3t duy nh\u1ea5t<\/li>\n<li>M\u00e1y \u0111\u01b0\u1ee3c thi\u1ebft k\u1ebf v\u1edbi \u0111\u1ea7u \u0111\u1ecdc t\u00edch h\u1ee3p si\u00eau nh\u1ecf g\u1ecdn, h\u00fat m\u1eabu v\u1edbi \u0111\u1ed9 ch\u00ednh x\u00e1c cao ph\u00e2n ph\u1ed1i 1uL ch\u1ec9 v\u1edbi 3% CV c\u00f9ng h\u1ec7 th\u1ed1ng gi\u00e1 \u0111\u1ee1 c\u1ef1c k\u1ef3 th\u00f4ng minh, c\u00f3 kh\u1ea3 n\u0103ng \u0111\u1ecbnh v\u1ecb v\u1ecb tr\u00ed m\u1eabu t\u1ef1 \u0111\u1ed9ng<\/li>\n<li>Camera b\u00ean trong cho ph\u00e9p quan s\u00e1t tr\u1ef1c ti\u1ebfp quy tr\u00ecnh ch\u1ea1y m\u1eabu v\u00e0 kh\u1eafc ph\u1ee5c s\u1ef1 c\u1ed1 t\u1eeb xa.<\/li>\n<li>Kh\u00f4ng s\u1eed d\u1ee5ng \u0111\u1ea7u tip, gi\u1ea3m thi\u1ec3u t\u1ed1i \u0111a v\u1eadt t\u01b0 ti\u00eau hao, qu\u00e1 tr\u00ecnh pha lo\u00e3ng di\u1ec5n ra tr\u1ef1c ti\u1ebfp tr\u00ean gi\u1ebfng (t\u1ef7 l\u1ec7 pha lo\u00e3ng l\u00ean \u0111\u1ebfn 1\/100)<\/li>\n<li>Thi\u1ebft b\u1ecb g\u1ecdn nh\u1eb9 gi\u00fap l\u1ea5y l\u1ea1i kh\u00f4ng gian l\u00e0m vi\u1ec7c trong ph\u00f2ng x\u00e9t nghi\u1ec7m.<\/li>\n<\/ul>\n<p><strong>Th\u00f4ng s\u1ed1 k\u1ef9 thu\u1eadt<\/strong><\/p>\n<ul>\n<li>Khay ch\u1ee9a m\u1eabu: \u0111\u01b0\u1ee3c thi\u1ebft k\u1ebf v\u1edbi 12 k\u1ec7, m\u1ed7i k\u1ec7 16 m\u1eabu, t\u1ed5ng s\u1ed1 m\u1eabu l\u00ean \u0111\u1ebfn 192 m\u1eabu. D\u1ea1ng gi\u00e1 \u0111\u1ee1 tr\u01b0\u1ee3t c\u00f3 \u0111\u1ecdc m\u00e3 v\u1ea1ch v\u00e0 nh\u1eadn d\u1ea1ng \u0111\u01b0\u1ee3c c\u00e1c m\u1eabu kh\u00e1c nhau.<\/li>\n<li>\u0110\u1ea7u \u0111\u1ecdc m\u00e3 v\u1ea1ch (barcode): Code 128, Code 39, m\u1edf r\u1ed9ng Code 39, EAN-13 (+2, +5), EAN-8, Interleaved 2 c\u1ee7a 5, UPC-A (+2, +5), UPC-E, PDF-417, Codabar, QR Code, Data Matrix.<\/li>\n<li>K\u00edch th\u01b0\u1edbc \u1ed1ng ch\u1ee9a m\u1eabu: s\u1eed d\u1ee5ng c\u00e1c \u1ed1ng c\u00f3 \u0111\u01b0\u1eddng k\u00ednh t\u1eeb 12 -16mm, chi\u1ec1u cao 100mm<\/li>\n<li>Khay ch\u1ee9a thu\u1ed1c th\u1eed: \u0111\u01b0\u1ee3c thi\u1ebft k\u1ebf v\u1edbi 2 gi\u00e1 \u0111\u1ef1ng 7 l\u1ecd, t\u1ed5ng s\u1ed1 l\u00ean \u0111\u1ebfn 14 v\u1ecb tr\u00ed \u0111\u1ef1ng thu\u1ed1c th\u1eed.<\/li>\n<li>K\u00edch th\u01b0\u1edbc l\u1ecd \u0111\u1ef1ng thu\u1ed1c th\u1eed: \u0111\u01b0\u1eddng k\u00ednh 22-42mm<\/li>\n<li>Chai r\u1eeda: 2 chai ch\u1ee9a dung d\u1ecbch r\u1eeda b\u00ean ngo\u00e0i m\u00e1y v\u1edbi th\u1ec3 t\u00edch 1L<\/li>\n<li>Chai ch\u1ee9a ch\u1ea5t th\u1ea3i: 1 chai ch\u1ee9a ch\u1ea5t th\u1ea3i b\u00ean ngo\u00e0i m\u00e1y v\u1edbi th\u1ec3 t\u00edch 2 L<\/li>\n<li>\u0110\u1ea7u d\u00f2 \/ kim h\u00fat: \u0110\u1ea7u d\u00f2 \u0111\u01a1n, kim h\u00fat k\u00e9p l\u00e0m b\u1eb1ng th\u00e9p kh\u00f4ng g\u1ec9. Th\u1ec3 t\u00edch h\u00fat m\u1eabu: 1 &#8211; 400 \u03bcl v\u1edbi CV \u2264 3%. Th\u1ec3 t\u00edch ph\u00e2n ph\u1ed1i: 25 &#8211; 300 \u03bcl<\/li>\n<li>Nhi\u1ec7t \u0111\u1ed9 \u1ee7: T\u1eeb nhi\u1ec7t \u0111\u1ed9 ph\u00f2ng \u0111\u1ebfn 40 \u00b0C<\/li>\n<li>C\u00f4ng ngh\u1ec7 gia nhi\u1ec7t \u0111\u1ed1i l\u01b0u m\u1ea1nh m\u1ebd gi\u00fap ph\u00e2n t\u00e1n \u0111\u1ed3ng \u0111\u1ec1u nhi\u1ec7t trong bu\u1ed3ng \u1ee7.<\/li>\n<li>H\u1ec7 th\u1ed1ng \u0111o quang ph\u1ed5 \u0111\u01b0\u1ee3c thi\u1ebft k\u1ebf linh ho\u1ea1t \u0111o \u1edf c\u00e1c b\u01b0\u1edbc s\u00f3ng ti\u00eau chu\u1ea9n 405, 450 ,490, 550 v\u00e0 630 nm, kho\u1ea3n \u0111o t\u1eeb 0 \u0111\u1ebfn 3.0 OD<\/li>\n<li>Photomultiplier Tube (PMT)*: \u0110i\u1ec3m t\u1ed1i: 50 \u0111i\u1ec3m\/gi\u00e2y (ti\u00eau chu\u1ea9n), Th\u1eddi gian \u0111o: 200 ph\u00fat (c\u00f3 th\u1ec3 t\u00f9y ch\u1ec9nh t\u1eeb 1 \u0111\u1ebfn 1000 ph\u00fat), D\u1ea3i ho\u1ea1t \u0111\u1ed9ng: 6<\/li>\n<li>B\u1ed9 l\u1eafc \u0111\u0129a (MTP) v\u1edbi bi\u00ean \u0111\u1ed9 l\u1eafc: 1 mm, T\u1ed1c \u0111\u1ed9 l\u1eafc: l\u00ean \u0111\u1ebfn 900 RPM, 3 \u0111\u0129a MTP (2 cho ph\u1ea3n \u1ee9ng, 1 ti\u1ec1n pha lo\u00e3ng).<\/li>\n<li>Ngu\u1ed3n \u0111i\u1ec7n; 100-265V<\/li>\n<li>K\u00edch th\u01b0\u1edbc: W: 64 cm, D: 57 cm, H: 45 cm (W: 25.2 in, D: 22.5 in, H: 17.7 in), H (open): 91.5 cm (36 in)<\/li>\n<li>Tr\u1ecdng l\u01b0\u1ee3ng: 30 kg (65 lbs)<\/li>\n<li>Gi\u1ea5y ch\u1ee9ng nh\u1eadn CE<\/li>\n<\/ul>\n<p><strong>Ph\u1ea7n m\u1ec1m<\/strong><\/p>\n<ul>\n<li>Ng\u00f4n ng\u1eef: H\u1ed7 tr\u1ee3 \u0111a ng\u00f4n ng\u1eef<\/li>\n<li>Giao di\u1ec7n: Giao di\u1ec7n \u0111\u1ed3 h\u1ecda MS Windows<\/li>\n<li>Qu\u1ea3n l\u00fd d\u1ee5ng c\u1ee5: k\u1ebft qu\u1ea3 \u0111\u01b0\u1ee3c \u0111\u00e1nh gi\u00e1, ki\u1ec3m so\u00e1t trong su\u1ed1t qu\u00e1 tr\u00ecnh v\u00e0 \u0111\u01b0\u1ee3c nh\u1eafc nh\u1edf b\u1ea3o tr\u00ec.<\/li>\n<li>D\u1eef li\u1ec7u m\u00e1y ch\u1ee7: l\u01b0u tr\u1eef c\u01a1 s\u1edf d\u1eef li\u1ec7u k\u1ebft qu\u1ea3, nh\u1eadt k\u00fd b\u1ea3o tr\u00ec, th\u00f4ng tin l\u00f4\/h\u1ea1n s\u1eed d\u1ee5ng\u2026, k\u1ebft n\u1ed1i nhi\u1ec1u c\u00f4ng c\u1ee5 v\u00e0 h\u1ee3p nh\u1ea5t d\u1eef li\u1ec7u, t\u00edch h\u1ee3p LIS: k\u1ebft n\u1ed1i 2 chi\u1ec1u, RS232, USB, TCP\/IP.<\/li>\n<\/ul>\n<p><strong>TH\u00d4NG TIN \u0110\u1eb6T H\u00c0NG<\/strong><\/p>\n<ul>\n<li><strong>THUNDERBOLT\u00ae Analyzer (2 Plate), includes software<\/strong><\/li>\n<li>H\u00e3ng s\u1ea3n xu\u1ea5t: Gold Standard Diagnostic<\/li>\n<li>Xu\u1ea5t x\u1ee9: USA<\/li>\n<li>Code: <strong>EFT00300<\/strong><\/li>\n<\/ul>\n","protected":false},"excerpt":{"rendered":"<p>ThunderBolt l\u00e0 h\u1ec7 th\u1ed1ng ho\u00e0n to\u00e0n t\u1ef1 \u0111\u1ed9ng \u0111\u1ec3 ch\u1ea1y c\u00e1c quy tr\u00ecnh ELISA ho\u1eb7c h\u00f3a ph\u00e1t quang (CLIA) v\u1edbi h\u1ec7 th\u1ed1ng ph\u00e2n t\u00edch 2 khay tr\u00ean n\u1ec1n t\u1ea3ng m\u1edf gi\u00fap gi\u1ea3m thi\u1ec3u t\u1ed1i \u0111a c\u00e1c sai s\u1ed1 trong qu\u00e1 tr\u00ecnh ti\u1ebfn h\u00e0nh x\u00e9t nghi\u1ec7m. Thi\u1ebft b\u1ecb s\u1eed d\u1ee5ng ph\u1ea7n m\u1ec1m linh ho\u1ea1t, c\u00f3 kh\u1ea3 [&hellip;]<\/p>\n","protected":false},"featured_media":2129,"comment_status":"open","ping_status":"closed","template":"","meta":[],"_links":{"self":[{"href":"https:\/\/biolabtek.vn\/index.php?rest_route=\/wp\/v2\/product\/2103"}],"collection":[{"href":"https:\/\/biolabtek.vn\/index.php?rest_route=\/wp\/v2\/product"}],"about":[{"href":"https:\/\/biolabtek.vn\/index.php?rest_route=\/wp\/v2\/types\/product"}],"replies":[{"embeddable":true,"href":"https:\/\/biolabtek.vn\/index.php?rest_route=%2Fwp%2Fv2%2Fcomments&post=2103"}],"wp:featuredmedia":[{"embeddable":true,"href":"https:\/\/biolabtek.vn\/index.php?rest_route=\/wp\/v2\/media\/2129"}],"wp:attachment":[{"href":"https:\/\/biolabtek.vn\/index.php?rest_route=%2Fwp%2Fv2%2Fmedia&parent=2103"}],"curies":[{"name":"wp","href":"https:\/\/api.w.org\/{rel}","templated":true}]}}