{"id":2099,"date":"2021-08-23T08:12:16","date_gmt":"2021-08-23T08:12:16","guid":{"rendered":"https:\/\/biolabtek.vn\/?post_type=product&#038;p=2099"},"modified":"2021-08-24T04:22:36","modified_gmt":"2021-08-24T04:22:36","slug":"ong-ly-tam-1-7-ml","status":"publish","type":"product","link":"https:\/\/biolabtek.vn\/?product=ong-ly-tam-1-7-ml","title":{"rendered":"\u1ed0ng ly t\u00e2m 1.7 ml"},"content":{"rendered":"<p><em><strong>\u1ed0ng ly t\u00e2m 1.7 ml:<\/strong> <a href=\"http:\/\/www.sorbio.com\/index.php\/products-catalog\/item\/17-ml-safeseal-mct11510\"><u>http:\/\/www.sorbio.com\/index.php\/products-catalog\/item\/17-ml-safeseal-mct11510<\/u><\/a><\/em><\/p>\n<p><strong>H\u00e3ng<\/strong>: Sorenson\/Corning-M\u1ef9<\/p>\n<p><strong>Code<\/strong>: 11510<\/p>\n<p><strong>Th\u1ec3 t\u00edch<\/strong>: 1.7 ml<\/p>\n<p><strong>\u0110\u00f3ng g\u00f3i<\/strong>: Kh\u00f4ng v\u00f4 tr\u00f9ng, 500 \u1ed0ng\/T\u00fai, 10 T\u00fai\/Th\u00f9ng<\/p>\n<h3>Th\u00f4ng s\u1ed1 k\u1ef9 thu\u1eadt:<\/h3>\n<p>L\u1ef1c li t\u00e2m 24.000 x g RCF<\/p>\n<p>Ch\u1ecbu nhi\u1ec7t \u0111\u1ed9 t\u1eeb -80 \u00b0 C \u0111\u1ebfn + 121 \u00b0 C<\/p>\n<p>Ph\u00f9 h\u1ee3p v\u1edbi t\u1ea5t c\u1ea3 c\u00e1c roto ti\u00eau chu\u1ea9n<\/p>\n<p>C\u00f3 th\u1ec3 t\u1ef1 \u0111i\u1ec1u ch\u1ec9nh<\/p>\n<p>Kh\u00f4ng b\u1eadt n\u1eafp trong qu\u00e1 tr\u00ecnh ly t\u00e2m v\u00e0 kh\u00f4ng b\u1ecb \u0111\u00f3ng \u0111\u00e1.<\/p>\n<p>\u0110\u1ed9 trong gi\u1ed1ng nh\u01b0 th\u1ee7y tinh cho ph\u00e9p ta d\u1ec5 d\u00e0ng quan s\u00e1t m\u1eabu v\u00e0 c\u00e1c c\u1eb7n.<\/p>\n<p>C\u00f3 s\u1eb5n n\u0103m m\u00e0u \u0111a d\u1ea1ng, b\u1ec1n h\u01a1n so v\u1edbi c\u00e1c \u1ed1ng li t\u00e2m truy\u1ec1n th\u1ed1ng.<\/p>\n","protected":false},"excerpt":{"rendered":"<p>\u1ed0ng ly t\u00e2m 1.7 ml: http:\/\/www.sorbio.com\/index.php\/products-catalog\/item\/17-ml-safeseal-mct11510 H\u00e3ng: Sorenson\/Corning-M\u1ef9 Code: 11510 Th\u1ec3 t\u00edch: 1.7 ml \u0110\u00f3ng g\u00f3i: Kh\u00f4ng v\u00f4 tr\u00f9ng, 500 \u1ed0ng\/T\u00fai, 10 T\u00fai\/Th\u00f9ng Th\u00f4ng s\u1ed1 k\u1ef9 thu\u1eadt: L\u1ef1c li t\u00e2m 24.000 x g RCF Ch\u1ecbu nhi\u1ec7t \u0111\u1ed9 t\u1eeb -80 \u00b0 C \u0111\u1ebfn + 121 \u00b0 C Ph\u00f9 h\u1ee3p v\u1edbi t\u1ea5t c\u1ea3 c\u00e1c roto ti\u00eau chu\u1ea9n [&hellip;]<\/p>\n","protected":false},"featured_media":2100,"comment_status":"open","ping_status":"closed","template":"","meta":[],"_links":{"self":[{"href":"https:\/\/biolabtek.vn\/index.php?rest_route=\/wp\/v2\/product\/2099"}],"collection":[{"href":"https:\/\/biolabtek.vn\/index.php?rest_route=\/wp\/v2\/product"}],"about":[{"href":"https:\/\/biolabtek.vn\/index.php?rest_route=\/wp\/v2\/types\/product"}],"replies":[{"embeddable":true,"href":"https:\/\/biolabtek.vn\/index.php?rest_route=%2Fwp%2Fv2%2Fcomments&post=2099"}],"wp:featuredmedia":[{"embeddable":true,"href":"https:\/\/biolabtek.vn\/index.php?rest_route=\/wp\/v2\/media\/2100"}],"wp:attachment":[{"href":"https:\/\/biolabtek.vn\/index.php?rest_route=%2Fwp%2Fv2%2Fmedia&parent=2099"}],"curies":[{"name":"wp","href":"https:\/\/api.w.org\/{rel}","templated":true}]}}