{"id":2095,"date":"2021-08-23T08:02:40","date_gmt":"2021-08-23T08:02:40","guid":{"rendered":"https:\/\/biolabtek.vn\/?post_type=product&#038;p=2095"},"modified":"2021-08-24T04:25:25","modified_gmt":"2021-08-24T04:25:25","slug":"ong-pcr-0-2ml","status":"publish","type":"product","link":"https:\/\/biolabtek.vn\/?product=ong-pcr-0-2ml","title":{"rendered":"\u1ed0ng PCR 0.2ml"},"content":{"rendered":"<p><em><strong>\u1ed0ng PCR 0.2ml:<\/strong> <a href=\"http:\/\/www.sorbio.com\/index.php\/products-catalog\/item\/02-ml-pcr-tubes-with-attached-caps16950\"><u>http:\/\/www.sorbio.com\/index.php\/products-catalog\/item\/02-ml-pcr-tubes-with-attached-caps16950<\/u><\/a><\/em><\/p>\n<p><strong>H\u00e3ng<\/strong>: Sorenson\/Corning-M\u1ef9<\/p>\n<p><strong>Code<\/strong>: 16950<\/p>\n<p><strong>\u0110\u00f3ng g\u00f3i:\u00a0<\/strong>Kh\u00f4ng v\u00f4 tr\u00f9ng, 25 \u0111\u0129a\/ki\u1ec7n, 4 ki\u1ec7n\/th\u00f9ng.<\/p>\n<p>Th\u00f4ng s\u1ed1 k\u1ef9 thu\u1eadt:<\/p>\n<p>\u0110\u0129a 96 gi\u1ebfng, t\u0103ng \u0111\u1ed9 ch\u00ednh x\u00e1c c\u1ee7a PCR v\u00e0 gi\u1ea3m chu k\u00ec khi nhi\u1ec7t \u0111\u01b0\u1ee3c truy\u1ec1n \u0111\u1ed3ng \u0111\u1ec1u v\u00e0 nhanh tr\u00ean b\u1ec1 m\u1eb7t c\u00e1c gi\u1ebfng.<\/p>\n<p>B\u1ec1n v\u1edbi h\u00f3a ch\u1ea5t v\u00e0 nhi\u1ec7t \u0111\u1ed9 cao.<\/p>\n<p>L\u00e0m t\u1eeb Polypropylene.<\/p>\n","protected":false},"excerpt":{"rendered":"<p>\u1ed0ng PCR 0.2ml: http:\/\/www.sorbio.com\/index.php\/products-catalog\/item\/02-ml-pcr-tubes-with-attached-caps16950 H\u00e3ng: Sorenson\/Corning-M\u1ef9 Code: 16950 \u0110\u00f3ng g\u00f3i:\u00a0Kh\u00f4ng v\u00f4 tr\u00f9ng, 25 \u0111\u0129a\/ki\u1ec7n, 4 ki\u1ec7n\/th\u00f9ng. Th\u00f4ng s\u1ed1 k\u1ef9 thu\u1eadt: \u0110\u0129a 96 gi\u1ebfng, t\u0103ng \u0111\u1ed9 ch\u00ednh x\u00e1c c\u1ee7a PCR v\u00e0 gi\u1ea3m chu k\u00ec khi nhi\u1ec7t \u0111\u01b0\u1ee3c truy\u1ec1n \u0111\u1ed3ng \u0111\u1ec1u v\u00e0 nhanh tr\u00ean b\u1ec1 m\u1eb7t c\u00e1c gi\u1ebfng. B\u1ec1n v\u1edbi h\u00f3a ch\u1ea5t v\u00e0 nhi\u1ec7t \u0111\u1ed9 cao. L\u00e0m [&hellip;]<\/p>\n","protected":false},"featured_media":2096,"comment_status":"open","ping_status":"closed","template":"","meta":[],"_links":{"self":[{"href":"https:\/\/biolabtek.vn\/index.php?rest_route=\/wp\/v2\/product\/2095"}],"collection":[{"href":"https:\/\/biolabtek.vn\/index.php?rest_route=\/wp\/v2\/product"}],"about":[{"href":"https:\/\/biolabtek.vn\/index.php?rest_route=\/wp\/v2\/types\/product"}],"replies":[{"embeddable":true,"href":"https:\/\/biolabtek.vn\/index.php?rest_route=%2Fwp%2Fv2%2Fcomments&post=2095"}],"wp:featuredmedia":[{"embeddable":true,"href":"https:\/\/biolabtek.vn\/index.php?rest_route=\/wp\/v2\/media\/2096"}],"wp:attachment":[{"href":"https:\/\/biolabtek.vn\/index.php?rest_route=%2Fwp%2Fv2%2Fmedia&parent=2095"}],"curies":[{"name":"wp","href":"https:\/\/api.w.org\/{rel}","templated":true}]}}