{"id":2090,"date":"2021-08-23T07:49:46","date_gmt":"2021-08-23T07:49:46","guid":{"rendered":"https:\/\/biolabtek.vn\/?post_type=product&#038;p=2090"},"modified":"2023-01-31T09:55:56","modified_gmt":"2023-01-31T09:55:56","slug":"dau-tip-thuong-1000-%c2%b5l-100-1000-%c2%b5l","status":"publish","type":"product","link":"https:\/\/biolabtek.vn\/?product=dau-tip-thuong-1000-%c2%b5l-100-1000-%c2%b5l","title":{"rendered":"\u0110\u1ea7u tip 1000 ul (100-1000 ul) M\u00e0u xanh"},"content":{"rendered":"<p><em><strong>\u0110\u1ea7u tip 1000 \u00b5l (100-1000 \u00b5l):<\/strong> <a href=\"http:\/\/www.sorbio.com\/index.php\/products-catalog\/item\/1000-ul-100-1000-ul10040?category_id=47\"><u>http:\/\/www.sorbio.com\/index.php\/products-catalog\/item\/1000-ul-100-1000-ul10040?category_id=47<\/u><\/a><\/em><\/p>\n<p><strong>H\u00e3ng<\/strong>: Sorenson\/Corning-M\u1ef9<\/p>\n<p><strong>Code<\/strong>:\u00a010040<\/p>\n<p><strong>\u0110\u00f3ng g\u00f3i:\u00a0<\/strong>1000 chi\u1ebfc\/ t\u00fai<\/p>\n<p>Kh\u00f4ng ch\u1ee9a Dnase\/RNase v\u00e0 pyrogen.<\/p>\n<p>C\u00f3 nhi\u1ec1u k\u00edch c\u1ee1 ph\u00f9 h\u1ee3p v\u1edbi c\u00e1c lo\u1ea1i pipet.<\/p>\n<p>C\u00f3 lo\u1ea1i l\u01b0u m\u1eabu th\u1ea5p gi\u00fap t\u0103ng \u0111\u1ed9 ch\u00ednh x\u00e1c.<\/p>\n","protected":false},"excerpt":{"rendered":"<p>\u0110\u1ea7u tip 1000 \u00b5l (100-1000 \u00b5l): http:\/\/www.sorbio.com\/index.php\/products-catalog\/item\/1000-ul-100-1000-ul10040?category_id=47 H\u00e3ng: Sorenson\/Corning-M\u1ef9 Code:\u00a010040 \u0110\u00f3ng g\u00f3i:\u00a01000 chi\u1ebfc\/ t\u00fai Kh\u00f4ng ch\u1ee9a Dnase\/RNase v\u00e0 pyrogen. C\u00f3 nhi\u1ec1u k\u00edch c\u1ee1 ph\u00f9 h\u1ee3p v\u1edbi c\u00e1c lo\u1ea1i pipet. C\u00f3 lo\u1ea1i l\u01b0u m\u1eabu th\u1ea5p gi\u00fap t\u0103ng \u0111\u1ed9 ch\u00ednh x\u00e1c.<\/p>\n","protected":false},"featured_media":2582,"comment_status":"open","ping_status":"closed","template":"","meta":[],"_links":{"self":[{"href":"https:\/\/biolabtek.vn\/index.php?rest_route=\/wp\/v2\/product\/2090"}],"collection":[{"href":"https:\/\/biolabtek.vn\/index.php?rest_route=\/wp\/v2\/product"}],"about":[{"href":"https:\/\/biolabtek.vn\/index.php?rest_route=\/wp\/v2\/types\/product"}],"replies":[{"embeddable":true,"href":"https:\/\/biolabtek.vn\/index.php?rest_route=%2Fwp%2Fv2%2Fcomments&post=2090"}],"wp:featuredmedia":[{"embeddable":true,"href":"https:\/\/biolabtek.vn\/index.php?rest_route=\/wp\/v2\/media\/2582"}],"wp:attachment":[{"href":"https:\/\/biolabtek.vn\/index.php?rest_route=%2Fwp%2Fv2%2Fmedia&parent=2090"}],"curies":[{"name":"wp","href":"https:\/\/api.w.org\/{rel}","templated":true}]}}