{"id":2087,"date":"2021-08-23T07:33:31","date_gmt":"2021-08-23T07:33:31","guid":{"rendered":"https:\/\/biolabtek.vn\/?post_type=product&#038;p=2087"},"modified":"2023-01-30T09:27:49","modified_gmt":"2023-01-30T09:27:49","slug":"ingene-q-ppa","status":"publish","type":"product","link":"https:\/\/biolabtek.vn\/?product=ingene-q-ppa","title":{"rendered":"PCR Kits for SWINE &#8211; INgene q PPA"},"content":{"rendered":"<p style=\"text-align: left;\"><strong>PCR Kits for SWINE &#8211; INgene q PPA :<\/strong>\u00a0<a href=\"https:\/\/www.goldstandarddiagnostics.com\/products\/veterinary-diagnostics\/porcine\/african-swine-fever\/ingene-q-ppa-100-tests.html\"><em>https:\/\/www.goldstandarddiagnostics.com\/products\/veterinary-diagnostics\/porcine\/african-swine-fever\/ingene-q-ppa-100-tests.html<\/em><\/a><\/p>\n<p>L\u00e0 kit ph\u00e1t hi\u1ec7n virus d\u1ecbch t\u1ea3 l\u1ee3n ch\u00e2u Phi s\u1eed d\u1ee5ng ph\u01b0\u01a1ng ph\u00e1p realtime PCR, cho ph\u00e9p<span class=\"fontstyle0\">\u00a0ph\u00e1t hi\u1ec7n DNA c\u1ee7a vi r\u00fat D\u1ecbch t\u1ea3 heo ch\u00e2u Phi (ASFV) trong m\u1eabu sinh h\u1ecdc b\u1eb1ng c\u00e1ch s\u1eed d\u1ee5ng c\u00e1c \u0111o\u1ea1n m\u1ed3i \u0111\u1eb7c hi\u1ec7u v\u00e0 \u0111\u1ea7u d\u00f2 Taqman g\u1eafn nh\u00e3n.<\/span><strong><br \/>\n<\/strong><\/p>\n<p>Kit cho ph\u00e9p ph\u00e1t hi\u1ec7n tr\u00ean c\u00e1c m\u1eabu ri\u00eang l\u1ebb ho\u1eb7c\u00a0g\u1ed9p\u00a0t\u1ed1i \u0111a 20 m\u1eabu.<\/p>\n<p>V\u1edbi\u00a0\u0111\u1ed9 nh\u1ea1y v\u00e0 \u0111\u1ed9 \u0111\u1eb7c hi\u1ec7u cao, kit cho ph\u00e9p s\u00e0ng l\u1ecdc nhanh v\u00e0 k\u1ebft qu\u1ea3 \u0111\u00e1ng tin c\u1eady. S\u1ea3n ph\u1ea9m\u00a0\u0111\u01b0\u1ee3c \u0111\u00e1nh gi\u00e1\u00a0b\u1edfi Ph\u00f2ng th\u00ed nghi\u1ec7m Tham Chi\u1ebfu\u00a0Li\u00ean Minh Ch\u00e2u \u00c2u v\u00e0 \u0111\u00e3 \u0111\u01b0\u1ee3c s\u1eed d\u1ee5ng t\u1eeb n\u0103m 2014 \u0111\u1ec3 theo d\u00f5i trong c\u00e1c \u0111\u1ee3t\u00a0d\u1ecbch b\u00f9ng ph\u00e1t \u1edf \u0110\u00f4ng \u00c2u v\u00e0 Trung Qu\u1ed1c.<\/p>\n<p><strong>\u0110\u1eb6C \u0110I\u1ec2M N\u1ed4I B\u1eacT<\/strong><\/p>\n<p><span lang=\"VI\">\u2022 Kit \u0111\u01b0\u1ee3c \u0111\u00e1nh gi\u00e1\u00a0b\u1edfi c\u00e1c ph\u00f2ng th\u00ed nghi\u1ec7m Tham Chi\u1ebfu Li\u00ean Minh Ch\u00e2u \u00c2u x\u00e1c nh\u1eadn v\u1ec1 ASFV (EURL, CISA-INIA, T\u00e2y Ban Nha).<\/span><\/p>\n<p><span lang=\"VI\">\u2022 Ph\u00e1t hi\u1ec7n t\u1ea5t c\u1ea3 c\u00e1c ki\u1ec3u gen ASFV.<\/span><\/p>\n<p><span lang=\"VI\">\u2022 Cho ph\u00e9p ki\u1ec3m tra m\u1eabu g\u1ed9p (t\u1ed1i \u0111a 20 m\u1eabu).<\/span><\/p>\n<p><span lang=\"VI\">\u2022 Ch\u1ee9a h\u1ed7n h\u1ee3p master mix s\u1eb5n s\u00e0ng s\u1eed d\u1ee5ng \u0111\u1ec3 ph\u00e1t hi\u1ec7n m\u1ee5c ti\u00eau ASFV v\u00e0 \u0111\u1ed1i ch\u1ee9ng n\u1ed9i (I.C.)<\/span><\/p>\n<p><span lang=\"VI\">\u2022\u00a0Ho\u00e0n to\u00e0n ph\u00f9 h\u1ee3p v\u1edbi ph\u01b0\u01a1ng ph\u00e1p tham chi\u1ebfu OIE (UPL) v\u00e0 \u0111\u1ed9 nh\u1ea1y t\u1ed1t h\u01a1n so v\u1edbi x\u00e9t nghi\u1ec7m UPL trong c\u00e1c m\u1eabu g\u1ed9p chung.<\/span><\/p>\n<p><strong>\u1ee8NG D\u1ee4NG<\/strong><\/p>\n<p>Ch\u1ea9n \u0111o\u00e1n b\u1ec7nh d\u1ecbch t\u1ea3 l\u1ee3n ch\u00e2u Phi<\/p>\n<p><strong>TH\u00d4NG TIN \u0110\u1eb6T H\u00c0NG<\/strong><\/p>\n<p><strong>H\u00e3ng<\/strong>: Gold Standard Diagnostics<\/p>\n<p><strong>Code<\/strong>: 11.PPA.K.5TX\/Q (100 Ph\u1ea3n \u1ee9ng)<\/p>\n<p><strong>T\u00c0I LI\u1ec6U THAM KH\u1ea2O<\/strong><\/p>\n<p>Protocolo:\u00a0<a href=\"https:\/\/biolabtek.vn\/wp-content\/uploads\/2021\/08\/P11-PPA-K5-TXQ-INgene-q-PPA-b\u1ea3n-m\u1edbi-ENG-1.pdf\">P11 PPA K5 TXQ INgene q PPA b\u1ea3n m\u1edbi ENG (1)<\/a><\/p>\n<p>Report Validation:\u00a0<a href=\"https:\/\/biolabtek.vn\/wp-content\/uploads\/2021\/08\/Validation-ASF-diagnostic-kit-INGENASAsigned.pdf\">Validation ASF diagnostic kit INGENASAsigned<\/a><\/p>\n","protected":false},"excerpt":{"rendered":"<p>PCR Kits for SWINE &#8211; INgene q PPA :\u00a0https:\/\/www.goldstandarddiagnostics.com\/products\/veterinary-diagnostics\/porcine\/african-swine-fever\/ingene-q-ppa-100-tests.html L\u00e0 kit ph\u00e1t hi\u1ec7n virus d\u1ecbch t\u1ea3 l\u1ee3n ch\u00e2u Phi s\u1eed d\u1ee5ng ph\u01b0\u01a1ng ph\u00e1p realtime PCR, cho ph\u00e9p\u00a0ph\u00e1t hi\u1ec7n DNA c\u1ee7a vi r\u00fat D\u1ecbch t\u1ea3 heo ch\u00e2u Phi (ASFV) trong m\u1eabu sinh h\u1ecdc b\u1eb1ng c\u00e1ch s\u1eed d\u1ee5ng c\u00e1c \u0111o\u1ea1n m\u1ed3i \u0111\u1eb7c hi\u1ec7u v\u00e0 \u0111\u1ea7u d\u00f2 Taqman [&hellip;]<\/p>\n","protected":false},"featured_media":2432,"comment_status":"open","ping_status":"closed","template":"","meta":[],"_links":{"self":[{"href":"https:\/\/biolabtek.vn\/index.php?rest_route=\/wp\/v2\/product\/2087"}],"collection":[{"href":"https:\/\/biolabtek.vn\/index.php?rest_route=\/wp\/v2\/product"}],"about":[{"href":"https:\/\/biolabtek.vn\/index.php?rest_route=\/wp\/v2\/types\/product"}],"replies":[{"embeddable":true,"href":"https:\/\/biolabtek.vn\/index.php?rest_route=%2Fwp%2Fv2%2Fcomments&post=2087"}],"wp:featuredmedia":[{"embeddable":true,"href":"https:\/\/biolabtek.vn\/index.php?rest_route=\/wp\/v2\/media\/2432"}],"wp:attachment":[{"href":"https:\/\/biolabtek.vn\/index.php?rest_route=%2Fwp%2Fv2%2Fmedia&parent=2087"}],"curies":[{"name":"wp","href":"https:\/\/api.w.org\/{rel}","templated":true}]}}