{"id":2082,"date":"2021-08-23T07:06:45","date_gmt":"2021-08-23T07:06:45","guid":{"rendered":"https:\/\/biolabtek.vn\/?post_type=product&#038;p=2082"},"modified":"2023-01-30T09:17:17","modified_gmt":"2023-01-30T09:17:17","slug":"ingezim-influenza-porcina","status":"publish","type":"product","link":"https:\/\/biolabtek.vn\/?product=ingezim-influenza-porcina","title":{"rendered":"INgezim Influenza Porcina"},"content":{"rendered":"<p style=\"text-align: left;\"><em><strong>INgezim Influenza Porcina (b\u1ed9 2 \u0111\u0129a)<\/strong>:\u00a0<a href=\"https:\/\/www.goldstandarddiagnostics.com\/products\/veterinary-diagnostics\/porcine\/porcine-influenza\/ingezim-influenza-porcina-192-tests.html\">https:\/\/www.goldstandarddiagnostics.com\/products\/veterinary-diagnostics\/porcine\/porcine-influenza\/ingezim-influenza-porcina-192-tests.html<\/a><\/em><\/p>\n<p style=\"text-align: left;\"><strong><em>INgezim Influenza Porcina (b\u1ed9 5 \u0111\u0129a):\u00a0<\/em><\/strong><em><a href=\"https:\/\/www.goldstandarddiagnostics.com\/products\/veterinary-diagnostics\/porcine\/porcine-influenza\/ingezim-influenza-porcina-480-tests-1.html\">https:\/\/www.goldstandarddiagnostics.com\/products\/veterinary-diagnostics\/porcine\/porcine-influenza\/ingezim-influenza-porcina-480-tests-1.html<\/a><\/em><\/p>\n<p><strong>H\u00e3ng<\/strong>: Gold Standard Diagnostics<\/p>\n<p><strong>Lo\u1ea1i m\u1eabu<\/strong>: Huy\u1ebft thanh heo<\/p>\n<p><strong>Code<\/strong>: 11.FLU.K.1\/2 (B\u1ed9 2 \u0111\u0129a) v\u00e0\u00a011.FLU.K.1\/5 (B\u1ed9 5 \u0111\u0129a)<\/p>\n<p>INgezim Influenza Porcina d\u1ef1a tr\u00ean k\u1ef9 thu\u1eadt ELISA gi\u00e1n ti\u1ebfp d\u00f9ng \u0111\u1ec3 ph\u00e1t hi\u1ec7n kh\u00e1ng th\u1ec3 \u0111\u1eb7c hi\u1ec7u v\u1edbi SIV trong m\u1eabu huy\u1ebft thanh heo.<\/p>\n","protected":false},"excerpt":{"rendered":"<p>INgezim Influenza Porcina (b\u1ed9 2 \u0111\u0129a):\u00a0https:\/\/www.goldstandarddiagnostics.com\/products\/veterinary-diagnostics\/porcine\/porcine-influenza\/ingezim-influenza-porcina-192-tests.html INgezim Influenza Porcina (b\u1ed9 5 \u0111\u0129a):\u00a0https:\/\/www.goldstandarddiagnostics.com\/products\/veterinary-diagnostics\/porcine\/porcine-influenza\/ingezim-influenza-porcina-480-tests-1.html H\u00e3ng: Gold Standard Diagnostics Lo\u1ea1i m\u1eabu: Huy\u1ebft thanh heo Code: 11.FLU.K.1\/2 (B\u1ed9 2 \u0111\u0129a) v\u00e0\u00a011.FLU.K.1\/5 (B\u1ed9 5 \u0111\u0129a) INgezim Influenza Porcina d\u1ef1a tr\u00ean k\u1ef9 thu\u1eadt ELISA gi\u00e1n ti\u1ebfp d\u00f9ng \u0111\u1ec3 ph\u00e1t hi\u1ec7n kh\u00e1ng th\u1ec3 \u0111\u1eb7c hi\u1ec7u v\u1edbi SIV trong m\u1eabu huy\u1ebft thanh heo.<\/p>\n","protected":false},"featured_media":2076,"comment_status":"open","ping_status":"closed","template":"","meta":[],"_links":{"self":[{"href":"https:\/\/biolabtek.vn\/index.php?rest_route=\/wp\/v2\/product\/2082"}],"collection":[{"href":"https:\/\/biolabtek.vn\/index.php?rest_route=\/wp\/v2\/product"}],"about":[{"href":"https:\/\/biolabtek.vn\/index.php?rest_route=\/wp\/v2\/types\/product"}],"replies":[{"embeddable":true,"href":"https:\/\/biolabtek.vn\/index.php?rest_route=%2Fwp%2Fv2%2Fcomments&post=2082"}],"wp:featuredmedia":[{"embeddable":true,"href":"https:\/\/biolabtek.vn\/index.php?rest_route=\/wp\/v2\/media\/2076"}],"wp:attachment":[{"href":"https:\/\/biolabtek.vn\/index.php?rest_route=%2Fwp%2Fv2%2Fmedia&parent=2082"}],"curies":[{"name":"wp","href":"https:\/\/api.w.org\/{rel}","templated":true}]}}