{"id":2078,"date":"2021-08-23T06:49:20","date_gmt":"2021-08-23T06:49:20","guid":{"rendered":"https:\/\/biolabtek.vn\/?post_type=product&#038;p=2078"},"modified":"2023-01-30T09:14:44","modified_gmt":"2023-01-30T09:14:44","slug":"ingezim-circovirus-igm-igg","status":"publish","type":"product","link":"https:\/\/biolabtek.vn\/?product=ingezim-circovirus-igm-igg","title":{"rendered":"INgezim Circovirus IgM\/IgG"},"content":{"rendered":"<p style=\"text-align: left;\"><em><strong>INgezim Circovirus IgM\/IgG:<\/strong>\u00a0<a href=\"https:\/\/www.goldstandarddiagnostics.com\/products\/veterinary-diagnostics\/porcine\/porcine-circovirus\/ingezim-circovirus-igm-igg.html\">https:\/\/www.goldstandarddiagnostics.com\/products\/veterinary-diagnostics\/porcine\/porcine-circovirus\/ingezim-circovirus-igm-igg.html<\/a><\/em><\/p>\n<p><strong>H\u00e3ng<\/strong>: Gold Standard Diagnostics<\/p>\n<p><strong>Lo\u1ea1i m\u1eabu<\/strong>: Huy\u1ebft thanh heo<\/p>\n<p><strong>Code<\/strong>: 11.PCV.K.2 (B\u1ed9 2 \u0111\u0129a cho IgG v\u00e0 2 \u0111\u0129a cho IgM)<\/p>\n<p><strong>INgezim Circovirus IgM\/IgG<\/strong> d\u1ef1a tr\u00ean k\u1ef9 thu\u1eadt Capture ELISA d\u00f9ng \u0111\u1ec3 ph\u00e1t hi\u1ec7n IgMs v\u00e0 IgGs \u0111\u1eb7c hi\u1ec7u v\u1edbi PCV2 trong m\u1eabu huy\u1ebft thanh heo.<\/p>\n<p><strong>Th\u00f4ng tin k\u1ef9 thu\u1eadt<\/strong><\/p>\n<p><a href=\"https:\/\/biolabtek.vn\/wp-content\/uploads\/2021\/08\/11PCVK2-TECHNICAL-INgezim-Circovirus-IgM.IgG_.pdf\">11PCVK2 TECHNICAL INgezim Circovirus IgM.IgG<\/a><\/p>\n","protected":false},"excerpt":{"rendered":"<p>INgezim Circovirus IgM\/IgG:\u00a0https:\/\/www.goldstandarddiagnostics.com\/products\/veterinary-diagnostics\/porcine\/porcine-circovirus\/ingezim-circovirus-igm-igg.html H\u00e3ng: Gold Standard Diagnostics Lo\u1ea1i m\u1eabu: Huy\u1ebft thanh heo Code: 11.PCV.K.2 (B\u1ed9 2 \u0111\u0129a cho IgG v\u00e0 2 \u0111\u0129a cho IgM) INgezim Circovirus IgM\/IgG d\u1ef1a tr\u00ean k\u1ef9 thu\u1eadt Capture ELISA d\u00f9ng \u0111\u1ec3 ph\u00e1t hi\u1ec7n IgMs v\u00e0 IgGs \u0111\u1eb7c hi\u1ec7u v\u1edbi PCV2 trong m\u1eabu huy\u1ebft thanh heo. Th\u00f4ng tin k\u1ef9 thu\u1eadt 11PCVK2 TECHNICAL [&hellip;]<\/p>\n","protected":false},"featured_media":2247,"comment_status":"open","ping_status":"closed","template":"","meta":[],"_links":{"self":[{"href":"https:\/\/biolabtek.vn\/index.php?rest_route=\/wp\/v2\/product\/2078"}],"collection":[{"href":"https:\/\/biolabtek.vn\/index.php?rest_route=\/wp\/v2\/product"}],"about":[{"href":"https:\/\/biolabtek.vn\/index.php?rest_route=\/wp\/v2\/types\/product"}],"replies":[{"embeddable":true,"href":"https:\/\/biolabtek.vn\/index.php?rest_route=%2Fwp%2Fv2%2Fcomments&post=2078"}],"wp:featuredmedia":[{"embeddable":true,"href":"https:\/\/biolabtek.vn\/index.php?rest_route=\/wp\/v2\/media\/2247"}],"wp:attachment":[{"href":"https:\/\/biolabtek.vn\/index.php?rest_route=%2Fwp%2Fv2%2Fmedia&parent=2078"}],"curies":[{"name":"wp","href":"https:\/\/api.w.org\/{rel}","templated":true}]}}