{"id":2077,"date":"2021-08-23T06:42:27","date_gmt":"2021-08-23T06:42:27","guid":{"rendered":"https:\/\/biolabtek.vn\/?post_type=product&#038;p=2077"},"modified":"2023-01-30T09:12:52","modified_gmt":"2023-01-30T09:12:52","slug":"ingezim-circo-igg","status":"publish","type":"product","link":"https:\/\/biolabtek.vn\/?product=ingezim-circo-igg","title":{"rendered":"INgezim Circo IgG"},"content":{"rendered":"<p style=\"text-align: left;\"><em><strong>INgezim Circo IgG (b\u1ed9 2 \u0111\u0129a)<\/strong>:\u00a0<a href=\"https:\/\/www.goldstandarddiagnostics.com\/products\/veterinary-diagnostics\/porcine\/porcine-circovirus\/ingezim-circovirus-igg-192-tests.html\">https:\/\/www.goldstandarddiagnostics.com\/products\/veterinary-diagnostics\/porcine\/porcine-circovirus\/ingezim-circovirus-igg-192-tests.html<\/a><\/em><\/p>\n<p style=\"text-align: left;\"><strong><em>INgezim Circo IgG (b\u1ed9 5 \u0111\u0129a):\u00a0<\/em><\/strong><em><a href=\"https:\/\/www.goldstandarddiagnostics.com\/products\/veterinary-diagnostics\/porcine\/porcine-circovirus\/ingezim-circovirus-igg-192-tests-1.html\">https:\/\/www.goldstandarddiagnostics.com\/products\/veterinary-diagnostics\/porcine\/porcine-circovirus\/ingezim-circovirus-igg-192-tests-1.html<\/a><\/em><\/p>\n<p><strong>H\u00e3ng<\/strong>: Gold Standard Diagnostics<\/p>\n<p><strong>Lo\u1ea1i m\u1eabu<\/strong>: Huy\u1ebft thanh heo<\/p>\n<p><strong>Code<\/strong>: 11.PCV.K.1\/2 \u00a0(B\u1ed9 2 \u0111\u0129a) v\u00e0 11.PCV.K.1\/5 (B\u1ed9 5 \u0111\u0129a)<\/p>\n<p><strong>INgezim Circo IgG <\/strong>gi\u00e1n ti\u1ebfp d\u1ef1a tr\u00ean k\u1ef9 thu\u1eadt ELISA gi\u00e1n ti\u1ebfp, s\u1eed d\u1ee5ng kh\u00e1ng th\u1ec3 \u0111\u01a1n d\u00f2ng (MAb) \u0111\u1eb7c hi\u1ec7u cho cho c\u00e1c globulin mi\u1ec5n d\u1ecbch c\u1ee7a heo (Igs) v\u00e0 kh\u00e1ng nguy\u00ean t\u00e1i t\u1ed5 h\u1ee3p (PCV2 VP2 protein).<\/p>\n<h3>\u1ee8NG D\u1ee4NG<\/h3>\n<p>Ph\u00e1t hi\u1ec7n v\u00e0 t\u00ednh hi\u1ec7u gi\u00e1 c\u00e1c kh\u00e1ng th\u1ec3 \u0111\u1eb7c hi\u1ec7u v\u1edbi PCV trong c\u00e1c m\u1eabu huy\u1ebft thanh heo.<\/p>\n<p><strong>Th\u00f4ng tin k\u1ef9 thu\u1eadt<\/strong><\/p>\n<p><a href=\"https:\/\/biolabtek.vn\/wp-content\/uploads\/2021\/08\/11PCVK1-TECHNICAL-INgezim-Circo-IgG-new.pdf\">11PCVK1 TECHNICAL INgezim Circo IgG new<\/a><\/p>\n","protected":false},"excerpt":{"rendered":"<p>INgezim Circo IgG (b\u1ed9 2 \u0111\u0129a):\u00a0https:\/\/www.goldstandarddiagnostics.com\/products\/veterinary-diagnostics\/porcine\/porcine-circovirus\/ingezim-circovirus-igg-192-tests.html INgezim Circo IgG (b\u1ed9 5 \u0111\u0129a):\u00a0https:\/\/www.goldstandarddiagnostics.com\/products\/veterinary-diagnostics\/porcine\/porcine-circovirus\/ingezim-circovirus-igg-192-tests-1.html H\u00e3ng: Gold Standard Diagnostics Lo\u1ea1i m\u1eabu: Huy\u1ebft thanh heo Code: 11.PCV.K.1\/2 \u00a0(B\u1ed9 2 \u0111\u0129a) v\u00e0 11.PCV.K.1\/5 (B\u1ed9 5 \u0111\u0129a) INgezim Circo IgG gi\u00e1n ti\u1ebfp d\u1ef1a tr\u00ean k\u1ef9 thu\u1eadt ELISA gi\u00e1n ti\u1ebfp, s\u1eed d\u1ee5ng kh\u00e1ng th\u1ec3 \u0111\u01a1n d\u00f2ng (MAb) \u0111\u1eb7c hi\u1ec7u cho cho c\u00e1c [&hellip;]<\/p>\n","protected":false},"featured_media":2247,"comment_status":"open","ping_status":"closed","template":"","meta":[],"_links":{"self":[{"href":"https:\/\/biolabtek.vn\/index.php?rest_route=\/wp\/v2\/product\/2077"}],"collection":[{"href":"https:\/\/biolabtek.vn\/index.php?rest_route=\/wp\/v2\/product"}],"about":[{"href":"https:\/\/biolabtek.vn\/index.php?rest_route=\/wp\/v2\/types\/product"}],"replies":[{"embeddable":true,"href":"https:\/\/biolabtek.vn\/index.php?rest_route=%2Fwp%2Fv2%2Fcomments&post=2077"}],"wp:featuredmedia":[{"embeddable":true,"href":"https:\/\/biolabtek.vn\/index.php?rest_route=\/wp\/v2\/media\/2247"}],"wp:attachment":[{"href":"https:\/\/biolabtek.vn\/index.php?rest_route=%2Fwp%2Fv2%2Fmedia&parent=2077"}],"curies":[{"name":"wp","href":"https:\/\/api.w.org\/{rel}","templated":true}]}}