{"id":2073,"date":"2021-08-23T06:37:05","date_gmt":"2021-08-23T06:37:05","guid":{"rendered":"https:\/\/biolabtek.vn\/?post_type=product&#038;p=2073"},"modified":"2023-01-30T09:03:15","modified_gmt":"2023-01-30T09:03:15","slug":"ingezim-brucella-compac","status":"publish","type":"product","link":"https:\/\/biolabtek.vn\/?product=ingezim-brucella-compac","title":{"rendered":"INgezim Brucella Compac"},"content":{"rendered":"<p style=\"text-align: left;\"><em><strong>INgezim Brucella Compac (b\u1ed9 2 \u0111\u0129a):<\/strong>\u00a0<a href=\"https:\/\/www.goldstandarddiagnostics.com\/products\/veterinary-diagnostics\/multispecies-kits\/ingezim-brucella-compac-192-tests.html\">https:\/\/www.goldstandarddiagnostics.com\/products\/veterinary-diagnostics\/multispecies-kits\/ingezim-brucella-compac-192-tests.html<\/a><\/em><\/p>\n<p><strong><em>INgezim Brucella Compac (b\u1ed9 5 \u0111\u0129a):<\/em><\/strong><em>\u00a0<\/em><em><a href=\"https:\/\/www.goldstandarddiagnostics.com\/products\/veterinary-diagnostics\/multispecies-kits\/ingezim-brucella-compac-192-tests-1.html\">https:\/\/www.goldstandarddiagnostics.com\/products\/veterinary-diagnostics\/multispecies-kits\/ingezim-brucella-compac-192-tests-1.html<\/a><\/em><\/p>\n<p><strong>Lo\u1ea1i m\u1eabu<\/strong>: Huy\u1ebft thanh heo v\u00e0 \u0111\u1ed9ng v\u1eadt nhai l\u1ea1i<\/p>\n<p><strong>Code<\/strong>: 10.BRU.K.3\/2 (B\u1ed9 2 \u0111\u0129a) v\u00e0 10.BRU.K.3\/5 (B\u1ed9 5 \u0111\u0129a)<\/p>\n<p><strong>INgezim Brucella Compac<\/strong> d\u1ef1a tr\u00ean k\u1ef9 thu\u1eadt Blocking ELISA d\u00f9ng \u0111\u1ec3 ph\u00e1t hi\u1ec7n kh\u00e1ng th\u1ec3 \u0111\u1eb7c hi\u1ec7u v\u1edbi Brucella ssp. trong m\u1eabu huy\u1ebft thanh c\u1ee7a \u0111\u1ed9ng v\u1eadt nhai l\u1ea1i v\u00e0 heo.<\/p>\n","protected":false},"excerpt":{"rendered":"<p>INgezim Brucella Compac (b\u1ed9 2 \u0111\u0129a):\u00a0https:\/\/www.goldstandarddiagnostics.com\/products\/veterinary-diagnostics\/multispecies-kits\/ingezim-brucella-compac-192-tests.html INgezim Brucella Compac (b\u1ed9 5 \u0111\u0129a):\u00a0https:\/\/www.goldstandarddiagnostics.com\/products\/veterinary-diagnostics\/multispecies-kits\/ingezim-brucella-compac-192-tests-1.html Lo\u1ea1i m\u1eabu: Huy\u1ebft thanh heo v\u00e0 \u0111\u1ed9ng v\u1eadt nhai l\u1ea1i Code: 10.BRU.K.3\/2 (B\u1ed9 2 \u0111\u0129a) v\u00e0 10.BRU.K.3\/5 (B\u1ed9 5 \u0111\u0129a) INgezim Brucella Compac d\u1ef1a tr\u00ean k\u1ef9 thu\u1eadt Blocking ELISA d\u00f9ng \u0111\u1ec3 ph\u00e1t hi\u1ec7n kh\u00e1ng th\u1ec3 \u0111\u1eb7c hi\u1ec7u v\u1edbi Brucella ssp. trong m\u1eabu huy\u1ebft [&hellip;]<\/p>\n","protected":false},"featured_media":2074,"comment_status":"open","ping_status":"closed","template":"","meta":[],"_links":{"self":[{"href":"https:\/\/biolabtek.vn\/index.php?rest_route=\/wp\/v2\/product\/2073"}],"collection":[{"href":"https:\/\/biolabtek.vn\/index.php?rest_route=\/wp\/v2\/product"}],"about":[{"href":"https:\/\/biolabtek.vn\/index.php?rest_route=\/wp\/v2\/types\/product"}],"replies":[{"embeddable":true,"href":"https:\/\/biolabtek.vn\/index.php?rest_route=%2Fwp%2Fv2%2Fcomments&post=2073"}],"wp:featuredmedia":[{"embeddable":true,"href":"https:\/\/biolabtek.vn\/index.php?rest_route=\/wp\/v2\/media\/2074"}],"wp:attachment":[{"href":"https:\/\/biolabtek.vn\/index.php?rest_route=%2Fwp%2Fv2%2Fmedia&parent=2073"}],"curies":[{"name":"wp","href":"https:\/\/api.w.org\/{rel}","templated":true}]}}